{"id":5108,"date":"2018-05-24T16:35:45","date_gmt":"2018-05-24T14:35:45","guid":{"rendered":"https:\/\/homm.hu\/suti-tajekoztato\/"},"modified":"2020-11-21T11:04:38","modified_gmt":"2020-11-21T10:04:38","slug":"cookie-information","status":"publish","type":"page","link":"https:\/\/homm.hu\/en\/cookie-information\/","title":{"rendered":"Cookie Information"},"content":{"rendered":"<div class=\"entry-content\">\n<h1>Cookie Information<\/h1>\n<p>This description applies to the cookies on the website under the homm.hu domain of the HOMM SERVICE LIMITED LIABILITY COMPANY (short name: Homm Kft.), Registered office: 1115 Budapest, H\u00eddv\u00e9g utca 6-8. However, it does not apply to websites to which our website provides hypertext links to third party websites.<\/p>\n<p><strong>What is a cookie?<\/strong><br \/>\nA cookie is a small text file that is placed on your computer when you visit a website. Cookies have several functions, including collecting information, memorizing user settings, and giving the website owner the opportunity to learn about user habits to enhance the user experience. You can manage your cookie settings at any time in your browser settings.<\/p>\n<p><strong>Why do we use cookies?<\/strong><\/p>\n<ul>\n<li>We use cookies to improve our website,<\/li>\n<li>To increase the user experience,<\/li>\n<li>To make it easier to manage our pages.<\/li>\n<\/ul>\n<p><strong>What cookies do we use?<\/strong><\/p>\n<p><strong>Cookies are essential for the provision of the service<\/strong><br \/>\nThese cookies are necessary for users to browse our site and use the services provided on the site. When you close your browser, these cookies are automatically deleted from your computer. Without the use of these cookies, we cannot guarantee your use of our website.<\/p>\n<p><strong>Performance cookies<\/strong><br \/>\nWe use these cookies, among other things, to keep track of which pages our visitors visit, how and how often they use our pages, and how long they have been on a particular page. For more information on Google Analytics cookies, please <a href=\"https:\/\/policies.google.com\/technologies\/cookies\" target=\"_blank\" rel=\"noopener noreferrer\">read here<\/a>. Google Analytics uses its own cookies to analyze and improve users&#8217; use of the website. The information contained in the cookies describing the use of this website is usually sent to and stored on one of Google&#8217;s servers in the United States.<\/p>\n<p><strong>Cookie settings<\/strong><br \/>\nBy default, all browsers allow the use of cookies. You have the right to withdraw your consent to the use of Optional Cookies at any time. Of course, you may use our website without Cookies (including Cookies used for technical reasons). You may deactivate or restrict the use of Cookies in your browser at any time, which may adversely affect the usability or user-friendliness of the site.<\/p>\n<\/div>\n<p>&nbsp;<\/p>\n","protected":false},"excerpt":{"rendered":"<p>Cookie Information This description applies to the cookies on the website under the homm.hu domain of the HOMM SERVICE LIMITED LIABILITY COMPANY (short name: Homm Kft.), Registered office: 1115 Budapest, H\u00eddv\u00e9g utca 6-8. However, it does not apply to websites to which our website provides hypertext links to third party websites. What is a cookie? A cookie is a small text file that is placed on your computer when you visit a website. Cookies have several functions, including collecting information, memorizing user settings, and giving the website owner the opportunity to learn about user habits to enhance the user experience&#8230;.<\/p>\n","protected":false},"author":1,"featured_media":0,"parent":0,"menu_order":0,"comment_status":"closed","ping_status":"closed","template":"","meta":{"_et_pb_use_builder":"","_et_pb_old_content":"","_et_gb_content_width":"","footnotes":""},"yoast_head":"<!-- This site is optimized with the Yoast SEO plugin v19.4 - https:\/\/yoast.com\/wordpress\/plugins\/seo\/ -->\n<title>Cookie Information - Homm.hu<\/title>\n<meta name=\"robots\" content=\"index, follow, max-snippet:-1, max-image-preview:large, max-video-preview:-1\" \/>\n<link rel=\"canonical\" href=\"https:\/\/homm.hu\/en\/cookie-information\/\" \/>\n<meta property=\"og:locale\" content=\"en_US\" \/>\n<meta property=\"og:type\" content=\"article\" \/>\n<meta property=\"og:title\" content=\"Cookie Information - Homm.hu\" \/>\n<meta property=\"og:description\" content=\"Cookie Information This description applies to the cookies on the website under the homm.hu domain of the HOMM SERVICE LIMITED LIABILITY COMPANY (short name: Homm Kft.), Registered office: 1115 Budapest, H\u00eddv\u00e9g utca 6-8. However, it does not apply to websites to which our website provides hypertext links to third party websites. What is a cookie? A cookie is a small text file that is placed on your computer when you visit a website. Cookies have several functions, including collecting information, memorizing user settings, and giving the website owner the opportunity to learn about user habits to enhance the user experience....\" \/>\n<meta property=\"og:url\" content=\"https:\/\/homm.hu\/en\/cookie-information\/\" \/>\n<meta property=\"og:site_name\" content=\"Homm.hu\" \/>\n<meta property=\"article:modified_time\" content=\"2020-11-21T10:04:38+00:00\" \/>\n<meta name=\"twitter:card\" content=\"summary_large_image\" \/>\n<meta name=\"twitter:label1\" content=\"Est. reading time\" \/>\n\t<meta name=\"twitter:data1\" content=\"2 minutes\" \/>\n<script type=\"application\/ld+json\" class=\"yoast-schema-graph\">{\"@context\":\"https:\/\/schema.org\",\"@graph\":[{\"@type\":\"WebSite\",\"@id\":\"https:\/\/homm.hu\/#website\",\"url\":\"https:\/\/homm.hu\/\",\"name\":\"Homm.hu\",\"description\":\"Szem\u00e9lysz\u00e1ll\u00edt\u00e1s aut\u00f3busszal\",\"potentialAction\":[{\"@type\":\"SearchAction\",\"target\":{\"@type\":\"EntryPoint\",\"urlTemplate\":\"https:\/\/homm.hu\/?s={search_term_string}\"},\"query-input\":\"required name=search_term_string\"}],\"inLanguage\":\"en-US\"},{\"@type\":\"WebPage\",\"@id\":\"https:\/\/homm.hu\/en\/cookie-information\/\",\"url\":\"https:\/\/homm.hu\/en\/cookie-information\/\",\"name\":\"Cookie Information - Homm.hu\",\"isPartOf\":{\"@id\":\"https:\/\/homm.hu\/#website\"},\"datePublished\":\"2018-05-24T14:35:45+00:00\",\"dateModified\":\"2020-11-21T10:04:38+00:00\",\"breadcrumb\":{\"@id\":\"https:\/\/homm.hu\/en\/cookie-information\/#breadcrumb\"},\"inLanguage\":\"en-US\",\"potentialAction\":[{\"@type\":\"ReadAction\",\"target\":[\"https:\/\/homm.hu\/en\/cookie-information\/\"]}]},{\"@type\":\"BreadcrumbList\",\"@id\":\"https:\/\/homm.hu\/en\/cookie-information\/#breadcrumb\",\"itemListElement\":[{\"@type\":\"ListItem\",\"position\":1,\"name\":\"Kezd\u0151lap\",\"item\":\"https:\/\/homm.hu\/\"},{\"@type\":\"ListItem\",\"position\":2,\"name\":\"Cookie Information\"}]}]}<\/script>\n<!-- \/ Yoast SEO plugin. -->","yoast_head_json":{"title":"Cookie Information - Homm.hu","robots":{"index":"index","follow":"follow","max-snippet":"max-snippet:-1","max-image-preview":"max-image-preview:large","max-video-preview":"max-video-preview:-1"},"canonical":"https:\/\/homm.hu\/en\/cookie-information\/","og_locale":"en_US","og_type":"article","og_title":"Cookie Information - Homm.hu","og_description":"Cookie Information This description applies to the cookies on the website under the homm.hu domain of the HOMM SERVICE LIMITED LIABILITY COMPANY (short name: Homm Kft.), Registered office: 1115 Budapest, H\u00eddv\u00e9g utca 6-8. However, it does not apply to websites to which our website provides hypertext links to third party websites. What is a cookie? A cookie is a small text file that is placed on your computer when you visit a website. Cookies have several functions, including collecting information, memorizing user settings, and giving the website owner the opportunity to learn about user habits to enhance the user experience....","og_url":"https:\/\/homm.hu\/en\/cookie-information\/","og_site_name":"Homm.hu","article_modified_time":"2020-11-21T10:04:38+00:00","twitter_card":"summary_large_image","twitter_misc":{"Est. reading time":"2 minutes"},"schema":{"@context":"https:\/\/schema.org","@graph":[{"@type":"WebSite","@id":"https:\/\/homm.hu\/#website","url":"https:\/\/homm.hu\/","name":"Homm.hu","description":"Szem\u00e9lysz\u00e1ll\u00edt\u00e1s aut\u00f3busszal","potentialAction":[{"@type":"SearchAction","target":{"@type":"EntryPoint","urlTemplate":"https:\/\/homm.hu\/?s={search_term_string}"},"query-input":"required name=search_term_string"}],"inLanguage":"en-US"},{"@type":"WebPage","@id":"https:\/\/homm.hu\/en\/cookie-information\/","url":"https:\/\/homm.hu\/en\/cookie-information\/","name":"Cookie Information - Homm.hu","isPartOf":{"@id":"https:\/\/homm.hu\/#website"},"datePublished":"2018-05-24T14:35:45+00:00","dateModified":"2020-11-21T10:04:38+00:00","breadcrumb":{"@id":"https:\/\/homm.hu\/en\/cookie-information\/#breadcrumb"},"inLanguage":"en-US","potentialAction":[{"@type":"ReadAction","target":["https:\/\/homm.hu\/en\/cookie-information\/"]}]},{"@type":"BreadcrumbList","@id":"https:\/\/homm.hu\/en\/cookie-information\/#breadcrumb","itemListElement":[{"@type":"ListItem","position":1,"name":"Kezd\u0151lap","item":"https:\/\/homm.hu\/"},{"@type":"ListItem","position":2,"name":"Cookie Information"}]}]}},"_links":{"self":[{"href":"https:\/\/homm.hu\/en\/wp-json\/wp\/v2\/pages\/5108"}],"collection":[{"href":"https:\/\/homm.hu\/en\/wp-json\/wp\/v2\/pages"}],"about":[{"href":"https:\/\/homm.hu\/en\/wp-json\/wp\/v2\/types\/page"}],"author":[{"embeddable":true,"href":"https:\/\/homm.hu\/en\/wp-json\/wp\/v2\/users\/1"}],"replies":[{"embeddable":true,"href":"https:\/\/homm.hu\/en\/wp-json\/wp\/v2\/comments?post=5108"}],"version-history":[{"count":7,"href":"https:\/\/homm.hu\/en\/wp-json\/wp\/v2\/pages\/5108\/revisions"}],"predecessor-version":[{"id":5217,"href":"https:\/\/homm.hu\/en\/wp-json\/wp\/v2\/pages\/5108\/revisions\/5217"}],"wp:attachment":[{"href":"https:\/\/homm.hu\/en\/wp-json\/wp\/v2\/media?parent=5108"}],"curies":[{"name":"wp","href":"https:\/\/api.w.org\/{rel}","templated":true}]}}