{"id":5128,"date":"2016-05-08T12:18:08","date_gmt":"2016-05-08T10:18:08","guid":{"rendered":"https:\/\/homm.hu\/helyi-kozlekedes\/"},"modified":"2020-11-21T13:04:56","modified_gmt":"2020-11-21T12:04:56","slug":"local-transportation","status":"publish","type":"page","link":"https:\/\/homm.hu\/en\/local-transportation\/","title":{"rendered":"Local Transportation"},"content":{"rendered":"[vc_row css_animation=&#8221;&#8221; row_type=&#8221;row&#8221; text_align=&#8221;left&#8221;][vc_column][vc_column_text]\n<h2><strong><img loading=\"lazy\" decoding=\"async\" class=\"alignleft wp-image-4296\" src=\"http:\/\/homm.hu\/www\/wp-content\/uploads\/2016\/05\/budaorsi-helyi-jarat-300x222.jpg\" alt=\"Helyi j\u00e1rat - Buda\u00f6rs\" width=\"426\" height=\"316\" srcset=\"https:\/\/homm.hu\/www\/wp-content\/uploads\/2016\/05\/budaorsi-helyi-jarat-300x222.jpg 300w, https:\/\/homm.hu\/www\/wp-content\/uploads\/2016\/05\/budaorsi-helyi-jarat.jpg 650w\" sizes=\"(max-width: 426px) 100vw, 426px\" \/><\/strong>Buda\u00f6rs Local Flight<\/h2>\n<p>Homm Kft. has been a partner in Buda\u00f6rs local transport for a long time. In the first period, in cooperation with several other service providers (BKV, Vol\u00e1nbusz), it met the urban travel needs as a subcontractor.<\/p>\n<p>After several variations, the destinations No.288 and No.289 were introduced in Buda\u00f6rs on May 1, 2010, offering a unified and complete service.<\/p>\n<p>The relocation of School No.I. to H\u00e1rfa Street was the main cause of the introduction of our bus lines. From the very beginning, our company was involved in the local traffic management.<\/p>\n<p>Since May 1, 2013 we are the only local service provider to ensure safe, reliable, and accurate transportation.<\/p>\n<p>To this end, we acquired new, individually designed buses that best meet the needs and represent top quality.<\/p>\n<p>Route 288 travels from the terminus at the housing estate, bypassing the T\u00f6r\u00f6kugrat\u00f3, touching the Medical Center and Templom Square, stopping at the swimming pool, train station and cemetery, and finally T\u00f6r\u00f6kugrat\u00f3. With its long route, it can satisfy a wide range of travel needs.<\/p>\n<p>Route 289 also starts from the bus terminal, circling the western area of the housing estate and running on the same line as bus No.288 to the swimming pool. Then, in an area not affected by other buses in the eastern part of the city, it turns back on Farkasr\u00e9ti Street towards the city center.<\/p>\n<p>Throughout the entire period of our performance, our cooperation with the Municipality is balanced and smooth. We are constantly reviewing the schedule and adjusting it to current residential needs. This has made bus traffic even smoother. Local citizens need was fulfilled by such changes that the two lines create a virtual third one. The coordinated and all-day transfer option creates a good connection between the \u00d6tv\u00f6s Street terminal and the Kamaraerd\u0151, making it easier for residents in the eastern part of the city to reach the railway station and the cemetery.<\/p>\n<p>Travel on the bus is still free.<\/p>\n<p>Information on bus traffic can be found on this website here and on the website <a href=\"http:\/\/www.budaors.hu\" target=\"_blank\" rel=\"noopener noreferrer\">www.budaors.hu<\/a>.<\/p>\n<p>Please send your remarks and opinions in writing to <a href=\"mailto:budaors@homm.hu\"><em>budaors@homm.hu<\/em><\/a>. If you have any questions about the flight schedule or the current traffic status of your route, we are also available at 20\/269-75-21.<\/p>\n<p>Have a nice trip!<\/p>\n<p>HOMM Kft.<\/p>\n<p>&nbsp;<\/p>\n<p><span style=\"border-radius: 2px; text-indent: 20px; width: auto; padding: 0px 4px 0px 0px; text-align: center; font: bold 11px\/20px 'Helvetica Neue',Helvetica,sans-serif; color: #ffffff; background: #bd081c no-repeat scroll 3px 50% \/ 14px 14px; position: absolute; opacity: 0.85; z-index: 8675309; display: none; cursor: pointer; top: 42px; left: 20px;\">Save<\/span><\/p>\n<p><span style=\"border-radius: 2px; text-indent: 20px; width: auto; padding: 0px 4px 0px 0px; text-align: center; font: bold 11px\/20px 'Helvetica Neue',Helvetica,sans-serif; color: #ffffff; background: #bd081c no-repeat scroll 3px 50% \/ 14px 14px; position: absolute; opacity: 0.85; z-index: 8675309; display: none; cursor: pointer; top: 42px; left: 20px;\">Save<\/span>[\/vc_column_text][vc_separator type=&#8221;transparent&#8221; up=&#8221;20&#8243; down=&#8221;40&#8243;][\/vc_column][\/vc_row][vc_row css_animation=&#8221;&#8221; row_type=&#8221;row&#8221; text_align=&#8221;left&#8221;][vc_column][vc_empty_space][\/vc_column][\/vc_row]\n","protected":false},"excerpt":{"rendered":"<p>[vc_row css_animation=&#8221;&#8221; row_type=&#8221;row&#8221; text_align=&#8221;left&#8221;][vc_column][vc_column_text] Buda\u00f6rs Local Flight Homm Kft. has been a partner in Buda\u00f6rs local transport for a long time. In the first period, in cooperation with several other service providers (BKV, Vol\u00e1nbusz), it met the urban travel needs as a subcontractor. After several variations, the destinations No.288 and No.289 were introduced in Buda\u00f6rs on May 1, 2010, offering a unified and complete service. The relocation of School No.I. to H\u00e1rfa Street was the main cause of the introduction of our bus lines. From the very beginning, our company was involved in the local traffic management. Since May 1,&#8230;<\/p>\n","protected":false},"author":1,"featured_media":0,"parent":0,"menu_order":0,"comment_status":"closed","ping_status":"closed","template":"","meta":{"_et_pb_use_builder":"on","_et_pb_old_content":"","_et_gb_content_width":"","footnotes":""},"yoast_head":"<!-- This site is optimized with the Yoast SEO plugin v19.4 - https:\/\/yoast.com\/wordpress\/plugins\/seo\/ -->\n<title>Local Transportation - Homm.hu<\/title>\n<meta name=\"robots\" content=\"index, follow, max-snippet:-1, max-image-preview:large, max-video-preview:-1\" \/>\n<link rel=\"canonical\" href=\"https:\/\/homm.hu\/en\/local-transportation\/\" \/>\n<meta property=\"og:locale\" content=\"en_US\" \/>\n<meta property=\"og:type\" content=\"article\" \/>\n<meta property=\"og:title\" content=\"Local Transportation - Homm.hu\" \/>\n<meta property=\"og:description\" content=\"[vc_row css_animation=&#8221;&#8221; row_type=&#8221;row&#8221; text_align=&#8221;left&#8221;][vc_column][vc_column_text] Buda\u00f6rs Local Flight Homm Kft. has been a partner in Buda\u00f6rs local transport for a long time. In the first period, in cooperation with several other service providers (BKV, Vol\u00e1nbusz), it met the urban travel needs as a subcontractor. After several variations, the destinations No.288 and No.289 were introduced in Buda\u00f6rs on May 1, 2010, offering a unified and complete service. The relocation of School No.I. to H\u00e1rfa Street was the main cause of the introduction of our bus lines. From the very beginning, our company was involved in the local traffic management. Since May 1,...\" \/>\n<meta property=\"og:url\" content=\"https:\/\/homm.hu\/en\/local-transportation\/\" \/>\n<meta property=\"og:site_name\" content=\"Homm.hu\" \/>\n<meta property=\"article:modified_time\" content=\"2020-11-21T12:04:56+00:00\" \/>\n<meta property=\"og:image\" content=\"http:\/\/homm.hu\/www\/wp-content\/uploads\/2016\/05\/budaorsi-helyi-jarat-300x222.jpg\" \/>\n<meta name=\"twitter:card\" content=\"summary_large_image\" \/>\n<meta name=\"twitter:label1\" content=\"Est. reading time\" \/>\n\t<meta name=\"twitter:data1\" content=\"2 minutes\" \/>\n<script type=\"application\/ld+json\" class=\"yoast-schema-graph\">{\"@context\":\"https:\/\/schema.org\",\"@graph\":[{\"@type\":\"WebSite\",\"@id\":\"https:\/\/homm.hu\/#website\",\"url\":\"https:\/\/homm.hu\/\",\"name\":\"Homm.hu\",\"description\":\"Szem\u00e9lysz\u00e1ll\u00edt\u00e1s aut\u00f3busszal\",\"potentialAction\":[{\"@type\":\"SearchAction\",\"target\":{\"@type\":\"EntryPoint\",\"urlTemplate\":\"https:\/\/homm.hu\/?s={search_term_string}\"},\"query-input\":\"required name=search_term_string\"}],\"inLanguage\":\"en-US\"},{\"@type\":\"WebPage\",\"@id\":\"https:\/\/homm.hu\/en\/local-transportation\/\",\"url\":\"https:\/\/homm.hu\/en\/local-transportation\/\",\"name\":\"Local Transportation - Homm.hu\",\"isPartOf\":{\"@id\":\"https:\/\/homm.hu\/#website\"},\"datePublished\":\"2016-05-08T10:18:08+00:00\",\"dateModified\":\"2020-11-21T12:04:56+00:00\",\"breadcrumb\":{\"@id\":\"https:\/\/homm.hu\/en\/local-transportation\/#breadcrumb\"},\"inLanguage\":\"en-US\",\"potentialAction\":[{\"@type\":\"ReadAction\",\"target\":[\"https:\/\/homm.hu\/en\/local-transportation\/\"]}]},{\"@type\":\"BreadcrumbList\",\"@id\":\"https:\/\/homm.hu\/en\/local-transportation\/#breadcrumb\",\"itemListElement\":[{\"@type\":\"ListItem\",\"position\":1,\"name\":\"Kezd\u0151lap\",\"item\":\"https:\/\/homm.hu\/\"},{\"@type\":\"ListItem\",\"position\":2,\"name\":\"Local Transportation\"}]}]}<\/script>\n<!-- \/ Yoast SEO plugin. -->","yoast_head_json":{"title":"Local Transportation - Homm.hu","robots":{"index":"index","follow":"follow","max-snippet":"max-snippet:-1","max-image-preview":"max-image-preview:large","max-video-preview":"max-video-preview:-1"},"canonical":"https:\/\/homm.hu\/en\/local-transportation\/","og_locale":"en_US","og_type":"article","og_title":"Local Transportation - Homm.hu","og_description":"[vc_row css_animation=&#8221;&#8221; row_type=&#8221;row&#8221; text_align=&#8221;left&#8221;][vc_column][vc_column_text] Buda\u00f6rs Local Flight Homm Kft. has been a partner in Buda\u00f6rs local transport for a long time. In the first period, in cooperation with several other service providers (BKV, Vol\u00e1nbusz), it met the urban travel needs as a subcontractor. After several variations, the destinations No.288 and No.289 were introduced in Buda\u00f6rs on May 1, 2010, offering a unified and complete service. The relocation of School No.I. to H\u00e1rfa Street was the main cause of the introduction of our bus lines. From the very beginning, our company was involved in the local traffic management. Since May 1,...","og_url":"https:\/\/homm.hu\/en\/local-transportation\/","og_site_name":"Homm.hu","article_modified_time":"2020-11-21T12:04:56+00:00","og_image":[{"url":"http:\/\/homm.hu\/www\/wp-content\/uploads\/2016\/05\/budaorsi-helyi-jarat-300x222.jpg"}],"twitter_card":"summary_large_image","twitter_misc":{"Est. reading time":"2 minutes"},"schema":{"@context":"https:\/\/schema.org","@graph":[{"@type":"WebSite","@id":"https:\/\/homm.hu\/#website","url":"https:\/\/homm.hu\/","name":"Homm.hu","description":"Szem\u00e9lysz\u00e1ll\u00edt\u00e1s aut\u00f3busszal","potentialAction":[{"@type":"SearchAction","target":{"@type":"EntryPoint","urlTemplate":"https:\/\/homm.hu\/?s={search_term_string}"},"query-input":"required name=search_term_string"}],"inLanguage":"en-US"},{"@type":"WebPage","@id":"https:\/\/homm.hu\/en\/local-transportation\/","url":"https:\/\/homm.hu\/en\/local-transportation\/","name":"Local Transportation - Homm.hu","isPartOf":{"@id":"https:\/\/homm.hu\/#website"},"datePublished":"2016-05-08T10:18:08+00:00","dateModified":"2020-11-21T12:04:56+00:00","breadcrumb":{"@id":"https:\/\/homm.hu\/en\/local-transportation\/#breadcrumb"},"inLanguage":"en-US","potentialAction":[{"@type":"ReadAction","target":["https:\/\/homm.hu\/en\/local-transportation\/"]}]},{"@type":"BreadcrumbList","@id":"https:\/\/homm.hu\/en\/local-transportation\/#breadcrumb","itemListElement":[{"@type":"ListItem","position":1,"name":"Kezd\u0151lap","item":"https:\/\/homm.hu\/"},{"@type":"ListItem","position":2,"name":"Local Transportation"}]}]}},"_links":{"self":[{"href":"https:\/\/homm.hu\/en\/wp-json\/wp\/v2\/pages\/5128"}],"collection":[{"href":"https:\/\/homm.hu\/en\/wp-json\/wp\/v2\/pages"}],"about":[{"href":"https:\/\/homm.hu\/en\/wp-json\/wp\/v2\/types\/page"}],"author":[{"embeddable":true,"href":"https:\/\/homm.hu\/en\/wp-json\/wp\/v2\/users\/1"}],"replies":[{"embeddable":true,"href":"https:\/\/homm.hu\/en\/wp-json\/wp\/v2\/comments?post=5128"}],"version-history":[{"count":7,"href":"https:\/\/homm.hu\/en\/wp-json\/wp\/v2\/pages\/5128\/revisions"}],"predecessor-version":[{"id":5246,"href":"https:\/\/homm.hu\/en\/wp-json\/wp\/v2\/pages\/5128\/revisions\/5246"}],"wp:attachment":[{"href":"https:\/\/homm.hu\/en\/wp-json\/wp\/v2\/media?parent=5128"}],"curies":[{"name":"wp","href":"https:\/\/api.w.org\/{rel}","templated":true}]}}