{"id":5143,"date":"2013-10-16T12:05:38","date_gmt":"2013-10-16T12:05:38","guid":{"rendered":"https:\/\/homm.hu\/contact\/"},"modified":"2020-11-20T21:52:02","modified_gmt":"2020-11-20T20:52:02","slug":"contact","status":"publish","type":"page","link":"https:\/\/homm.hu\/en\/contact\/","title":{"rendered":"Contact"},"content":{"rendered":"[vc_row css_animation=&#8221;&#8221; row_type=&#8221;row&#8221; text_align=&#8221;left&#8221;][vc_column width=&#8221;2\/3&#8243;][vc_column_text]\n<h3>Send a message<\/h3>\n[\/vc_column_text][vc_column_text]<div id=\"vfb-form-6\" class=\"visual-form-builder-container\"><form id=\"contact-en-6\" class=\"visual-form-builder vfb-form-6 \" method=\"post\" enctype=\"multipart\/form-data\">\n\t  \t<input type=\"hidden\" name=\"form_id\" value=\"6\" \/><fieldset class=\"vfb-fieldset vfb-fieldset-1 message \" id=\"item-vfb-89\"><div class=\"vfb-legend\"><h3>Message<\/h3><\/div><ul class=\"vfb-section vfb-section-1\"><li class=\"vfb-item vfb-item-text  \" id=\"item-vfb-84\"><label for=\"vfb-84\" class=\"vfb-desc\">Name <\/label><input type=\"text\" name=\"vfb-84\" id=\"vfb-84\" value=\"\" class=\"vfb-text  vfb-large   \" \/><\/li><li class=\"vfb-item vfb-item-email  \" id=\"item-vfb-85\"><label for=\"vfb-85\" class=\"vfb-desc\">Email  <span class=\"vfb-required-asterisk\">*<\/span><\/label><input type=\"email\" name=\"vfb-85\" id=\"vfb-85\" value=\"\" class=\"vfb-text  vfb-large  required  email \" \/><\/li><li class=\"vfb-item vfb-item-text  \" id=\"item-vfb-86\"><label for=\"vfb-86\" class=\"vfb-desc\">Phone <\/label><input type=\"text\" name=\"vfb-86\" id=\"vfb-86\" value=\"\" class=\"vfb-text  vfb-medium   \" \/><\/li><li class=\"vfb-item vfb-item-checkbox  \" id=\"item-vfb-87\"><label class=\"vfb-desc\">Privacy Policy  <span class=\"vfb-required-asterisk\">*<\/span><\/label><div><span><label><a href=\"https:\/\/homm.hu\/en\/privacy-policy\/\">I have read and accepted the privacy policy.<\/a><\/label><\/span><span class=\"vfb-span\"><input type=\"checkbox\" name=\"vfb-87[]\" id=\"vfb-87-0\" value=\"I accept\" class=\"vfb-checkbox  required \" \/><label for=\"vfb-87-0\" class=\"vfb-choice\">I accept<\/label><\/span><div style=\"clear:both\"><\/div><\/div><\/li><li class=\"vfb-item vfb-item-textarea  \" id=\"item-vfb-88\"><label for=\"vfb-88\" class=\"vfb-desc\">Message <\/label><div><textarea name=\"vfb-88\" id=\"vfb-88\" class=\"vfb-textarea  vfb-medium  \"><\/textarea><\/div><\/li><\/ul>&nbsp;<\/fieldset><fieldset class=\"vfb-fieldset vfb-fieldset-2 verification \" id=\"item-vfb-81\" style=\"display:block\"><div class=\"vfb-legend\"><h3>Verification<\/h3><\/div><ul class=\"vfb-section vfb-section-2\"><li class=\"vfb-item vfb-item-secret\"  style=\"display:block\"><label for=\"vfb-82\" class=\"vfb-desc\">Please enter two numbers here <span class=\"vfb-required-asterisk\">*<\/span><\/label><input type=\"hidden\" name=\"_vfb-secret\" value=\"vfb-82\" \/><span class=\"vfb-span\"><input type=\"text\" name=\"vfb-82\" id=\"vfb-82\" value=\"\" class=\"vfb-text  vfb-medium  required {digits:true,maxlength:2,minlength:2} \" style=\"display:block\" \/><label>e.g.: 12<\/label><\/span><li style=\"display:none;\"><label>This box is for spam protection - &lt;strong&gt;please leave it blank&lt;\/strong&gt;:<\/label><div><input name=\"vfb-spam\" \/><\/div><\/li>\n\t\t\t<li class=\"vfb-item vfb-item-submit\" id=\"item-vfb-83\">\n\t\t\t\t<input type=\"submit\" name=\"vfb-submit\" id=\"vfb-83\" value=\"Send\" class=\"vfb-submit \" \/>\n\t\t\t\t<\/li><\/ul>\n\t\t\t<\/fieldset><input type=\"hidden\" name=\"_wp_http_referer\" value=\"\/en\/wp-json\/wp\/v2\/pages\/5143\" \/><\/form><\/div> <!-- .visual-form-builder-container -->[\/vc_column_text][\/vc_column][vc_column width=&#8221;1\/3&#8243;][vc_column_text]\n<h3>Homm Kft.<\/h3>\n[\/vc_column_text][vc_separator type=&#8221;transparent&#8221; up=&#8221;0&#8243; down=&#8221;15&#8243;][vc_column_text]1115 Budapest, H\u00eddv\u00e9g utca 6-8.<\/p>\n<p>&nbsp;<\/p>\n<p><strong>GPS coordinates:<\/strong><br \/>\nN 47\u00b0 28.336&#8242;<br \/>\nE 19\u00b0 1.787&#8242;<\/p>\n<p>&nbsp;<\/p>\n<p><strong>Phone:<\/strong> <a href=\"tel:+36-1-203-4630\">+36 1 203-4630<\/a><br \/>\n<strong>Traffic watch:<\/strong> <a href=\"tel:+36-20-922-2646\">+36 20 922-2646<\/a><\/p>\n<p><strong>Email:<\/strong> <a href=\"mailto:homm@homm.hu\">homm@homm.hu<\/a><\/p>\n<p><strong>Finance Department:<\/strong> <a href=\"mailto:penzugy@homm.hu\">penzugy@homm.hu<\/a><\/p>\n<p><strong>\u00bb\u00a0<a href=\"http:\/\/homm.hu\/en\/privacy-policy\/\">Privacy Policy<\/a><\/strong>[\/vc_column_text][\/vc_column][\/vc_row][vc_row css_animation=&#8221;&#8221; row_type=&#8221;row&#8221; text_align=&#8221;left&#8221;][vc_column][vc_separator type=&#8221;transparent&#8221; down=&#8221;50&#8243;][\/vc_column][\/vc_row]\n","protected":false},"excerpt":{"rendered":"<p>[vc_row css_animation=&#8221;&#8221; row_type=&#8221;row&#8221; text_align=&#8221;left&#8221;][vc_column width=&#8221;2\/3&#8243;][vc_column_text] Send a message [\/vc_column_text][vc_column_text][\/vc_column_text][\/vc_column][vc_column width=&#8221;1\/3&#8243;][vc_column_text] Homm Kft. [\/vc_column_text][vc_separator type=&#8221;transparent&#8221; up=&#8221;0&#8243; down=&#8221;15&#8243;][vc_column_text]1115 Budapest, H\u00eddv\u00e9g utca 6-8. &nbsp; GPS coordinates: N 47\u00b0 28.336&#8242; E 19\u00b0 1.787&#8242; &nbsp; Phone: +36 1 203-4630 Traffic watch: +36 20 922-2646 Email: homm@homm.hu Finance Department: penzugy@homm.hu \u00bb\u00a0Privacy Policy[\/vc_column_text][\/vc_column][\/vc_row][vc_row css_animation=&#8221;&#8221; row_type=&#8221;row&#8221; text_align=&#8221;left&#8221;][vc_column][vc_separator type=&#8221;transparent&#8221; down=&#8221;50&#8243;][\/vc_column][\/vc_row]<\/p>\n","protected":false},"author":1,"featured_media":0,"parent":0,"menu_order":0,"comment_status":"open","ping_status":"open","template":"","meta":{"_et_pb_use_builder":"on","_et_pb_old_content":"","_et_gb_content_width":"","footnotes":""},"yoast_head":"<!-- This site is optimized with the Yoast SEO plugin v19.4 - https:\/\/yoast.com\/wordpress\/plugins\/seo\/ -->\n<title>Contact - Homm.hu<\/title>\n<meta name=\"robots\" content=\"index, follow, max-snippet:-1, max-image-preview:large, max-video-preview:-1\" \/>\n<link rel=\"canonical\" href=\"https:\/\/homm.hu\/en\/contact\/\" \/>\n<meta property=\"og:locale\" content=\"en_US\" \/>\n<meta property=\"og:type\" content=\"article\" \/>\n<meta property=\"og:title\" content=\"Contact - Homm.hu\" \/>\n<meta property=\"og:description\" content=\"[vc_row css_animation=&#8221;&#8221; row_type=&#8221;row&#8221; text_align=&#8221;left&#8221;][vc_column width=&#8221;2\/3&#8243;][vc_column_text] Send a message [\/vc_column_text][vc_column_text][\/vc_column_text][\/vc_column][vc_column width=&#8221;1\/3&#8243;][vc_column_text] Homm Kft. [\/vc_column_text][vc_separator type=&#8221;transparent&#8221; up=&#8221;0&#8243; down=&#8221;15&#8243;][vc_column_text]1115 Budapest, H\u00eddv\u00e9g utca 6-8. &nbsp; GPS coordinates: N 47\u00b0 28.336&#8242; E 19\u00b0 1.787&#8242; &nbsp; Phone: +36 1 203-4630 Traffic watch: +36 20 922-2646 Email: homm@homm.hu Finance Department: penzugy@homm.hu \u00bb\u00a0Privacy Policy[\/vc_column_text][\/vc_column][\/vc_row][vc_row css_animation=&#8221;&#8221; row_type=&#8221;row&#8221; text_align=&#8221;left&#8221;][vc_column][vc_separator type=&#8221;transparent&#8221; down=&#8221;50&#8243;][\/vc_column][\/vc_row]\" \/>\n<meta property=\"og:url\" content=\"https:\/\/homm.hu\/en\/contact\/\" \/>\n<meta property=\"og:site_name\" content=\"Homm.hu\" \/>\n<meta property=\"article:modified_time\" content=\"2020-11-20T20:52:02+00:00\" \/>\n<meta name=\"twitter:card\" content=\"summary_large_image\" \/>\n<meta name=\"twitter:label1\" content=\"Est. reading time\" \/>\n\t<meta name=\"twitter:data1\" content=\"1 minute\" \/>\n<script type=\"application\/ld+json\" class=\"yoast-schema-graph\">{\"@context\":\"https:\/\/schema.org\",\"@graph\":[{\"@type\":\"WebSite\",\"@id\":\"https:\/\/homm.hu\/#website\",\"url\":\"https:\/\/homm.hu\/\",\"name\":\"Homm.hu\",\"description\":\"Szem\u00e9lysz\u00e1ll\u00edt\u00e1s aut\u00f3busszal\",\"potentialAction\":[{\"@type\":\"SearchAction\",\"target\":{\"@type\":\"EntryPoint\",\"urlTemplate\":\"https:\/\/homm.hu\/?s={search_term_string}\"},\"query-input\":\"required name=search_term_string\"}],\"inLanguage\":\"en-US\"},{\"@type\":\"WebPage\",\"@id\":\"https:\/\/homm.hu\/en\/contact\/\",\"url\":\"https:\/\/homm.hu\/en\/contact\/\",\"name\":\"Contact - Homm.hu\",\"isPartOf\":{\"@id\":\"https:\/\/homm.hu\/#website\"},\"datePublished\":\"2013-10-16T12:05:38+00:00\",\"dateModified\":\"2020-11-20T20:52:02+00:00\",\"breadcrumb\":{\"@id\":\"https:\/\/homm.hu\/en\/contact\/#breadcrumb\"},\"inLanguage\":\"en-US\",\"potentialAction\":[{\"@type\":\"ReadAction\",\"target\":[\"https:\/\/homm.hu\/en\/contact\/\"]}]},{\"@type\":\"BreadcrumbList\",\"@id\":\"https:\/\/homm.hu\/en\/contact\/#breadcrumb\",\"itemListElement\":[{\"@type\":\"ListItem\",\"position\":1,\"name\":\"Kezd\u0151lap\",\"item\":\"https:\/\/homm.hu\/\"},{\"@type\":\"ListItem\",\"position\":2,\"name\":\"Contact\"}]}]}<\/script>\n<!-- \/ Yoast SEO plugin. -->","yoast_head_json":{"title":"Contact - Homm.hu","robots":{"index":"index","follow":"follow","max-snippet":"max-snippet:-1","max-image-preview":"max-image-preview:large","max-video-preview":"max-video-preview:-1"},"canonical":"https:\/\/homm.hu\/en\/contact\/","og_locale":"en_US","og_type":"article","og_title":"Contact - Homm.hu","og_description":"[vc_row css_animation=&#8221;&#8221; row_type=&#8221;row&#8221; text_align=&#8221;left&#8221;][vc_column width=&#8221;2\/3&#8243;][vc_column_text] Send a message [\/vc_column_text][vc_column_text][\/vc_column_text][\/vc_column][vc_column width=&#8221;1\/3&#8243;][vc_column_text] Homm Kft. [\/vc_column_text][vc_separator type=&#8221;transparent&#8221; up=&#8221;0&#8243; down=&#8221;15&#8243;][vc_column_text]1115 Budapest, H\u00eddv\u00e9g utca 6-8. &nbsp; GPS coordinates: N 47\u00b0 28.336&#8242; E 19\u00b0 1.787&#8242; &nbsp; Phone: +36 1 203-4630 Traffic watch: +36 20 922-2646 Email: homm@homm.hu Finance Department: penzugy@homm.hu \u00bb\u00a0Privacy Policy[\/vc_column_text][\/vc_column][\/vc_row][vc_row css_animation=&#8221;&#8221; row_type=&#8221;row&#8221; text_align=&#8221;left&#8221;][vc_column][vc_separator type=&#8221;transparent&#8221; down=&#8221;50&#8243;][\/vc_column][\/vc_row]","og_url":"https:\/\/homm.hu\/en\/contact\/","og_site_name":"Homm.hu","article_modified_time":"2020-11-20T20:52:02+00:00","twitter_card":"summary_large_image","twitter_misc":{"Est. reading time":"1 minute"},"schema":{"@context":"https:\/\/schema.org","@graph":[{"@type":"WebSite","@id":"https:\/\/homm.hu\/#website","url":"https:\/\/homm.hu\/","name":"Homm.hu","description":"Szem\u00e9lysz\u00e1ll\u00edt\u00e1s aut\u00f3busszal","potentialAction":[{"@type":"SearchAction","target":{"@type":"EntryPoint","urlTemplate":"https:\/\/homm.hu\/?s={search_term_string}"},"query-input":"required name=search_term_string"}],"inLanguage":"en-US"},{"@type":"WebPage","@id":"https:\/\/homm.hu\/en\/contact\/","url":"https:\/\/homm.hu\/en\/contact\/","name":"Contact - Homm.hu","isPartOf":{"@id":"https:\/\/homm.hu\/#website"},"datePublished":"2013-10-16T12:05:38+00:00","dateModified":"2020-11-20T20:52:02+00:00","breadcrumb":{"@id":"https:\/\/homm.hu\/en\/contact\/#breadcrumb"},"inLanguage":"en-US","potentialAction":[{"@type":"ReadAction","target":["https:\/\/homm.hu\/en\/contact\/"]}]},{"@type":"BreadcrumbList","@id":"https:\/\/homm.hu\/en\/contact\/#breadcrumb","itemListElement":[{"@type":"ListItem","position":1,"name":"Kezd\u0151lap","item":"https:\/\/homm.hu\/"},{"@type":"ListItem","position":2,"name":"Contact"}]}]}},"_links":{"self":[{"href":"https:\/\/homm.hu\/en\/wp-json\/wp\/v2\/pages\/5143"}],"collection":[{"href":"https:\/\/homm.hu\/en\/wp-json\/wp\/v2\/pages"}],"about":[{"href":"https:\/\/homm.hu\/en\/wp-json\/wp\/v2\/types\/page"}],"author":[{"embeddable":true,"href":"https:\/\/homm.hu\/en\/wp-json\/wp\/v2\/users\/1"}],"replies":[{"embeddable":true,"href":"https:\/\/homm.hu\/en\/wp-json\/wp\/v2\/comments?post=5143"}],"version-history":[{"count":4,"href":"https:\/\/homm.hu\/en\/wp-json\/wp\/v2\/pages\/5143\/revisions"}],"predecessor-version":[{"id":5147,"href":"https:\/\/homm.hu\/en\/wp-json\/wp\/v2\/pages\/5143\/revisions\/5147"}],"wp:attachment":[{"href":"https:\/\/homm.hu\/en\/wp-json\/wp\/v2\/media?parent=5143"}],"curies":[{"name":"wp","href":"https:\/\/api.w.org\/{rel}","templated":true}]}}