{"id":5158,"date":"2015-09-29T10:41:04","date_gmt":"2015-09-29T10:41:04","guid":{"rendered":"https:\/\/homm.hu\/rolunk\/"},"modified":"2023-04-17T08:54:09","modified_gmt":"2023-04-17T06:54:09","slug":"about-us","status":"publish","type":"page","link":"https:\/\/homm.hu\/en\/about-us\/","title":{"rendered":"About Us"},"content":{"rendered":"[vc_row css_animation=&#8221;&#8221; row_type=&#8221;row&#8221; text_align=&#8221;left&#8221;][vc_column width=&#8221;1\/3&#8243;][vc_row_inner row_type=&#8221;row&#8221; text_align=&#8221;left&#8221;][vc_column_inner][vc_single_image image=&#8221;5159&#8243; img_size=&#8221;full&#8221;][\/vc_column_inner][\/vc_row_inner][\/vc_column][vc_column width=&#8221;2\/3&#8243;][vc_column_text]\n<h2>Homm team<\/h2>\n<p>Our team consists of well-trained employees with several years of experience, sometimes decades in passenger transport business, who are committed to our company.<\/p>\n<p>We have implemented an honest, open dialogue between the company\u2019s management and employees, which allows good ideas, but also problems to be solved, come to the surface.<\/p>\n<p>All our employees know and identify with our goals, in order to achieve them, they work in the best possible quality.[\/vc_column_text][\/vc_column][\/vc_row][vc_row css_animation=&#8221;&#8221; row_type=&#8221;row&#8221; text_align=&#8221;left&#8221;][vc_column][vc_row_inner row_type=&#8221;row&#8221; text_align=&#8221;left&#8221;][vc_column_inner][vc_separator type=&#8221;normal&#8221; up=&#8221;30&#8243; down=&#8221;30&#8243;][\/vc_column_inner][\/vc_row_inner][vc_column_text]\n<h2>Company history<\/h2>\n<p>The predecessor of Homm Kft. started its activity in 1989 as a sole proprietorship. From this &#8211; Homm Bt. was established in 1991 from a bus passenger transport company, then in 1999 Homm Kft. The company was initially involved in tourist passenger transport and then won its first employee transport contract in 2000, followed by newer ones.<\/p>\n<p>A significant stage in the life of our company is our first job in scheduled transport. In 2005, we were the first in the country to win flights as a subcontractor on the Bana-Budapest-Bana route in a public procurement tender published by Vol\u00e1nbusz Zrt.<\/p>\n<p>We consider the local transport of Szentendre city, which awarded to us as a single and individual service provider in 2012, and the local transportation of Buda\u00f6rs city in 2013 as further significant milestones in our company\u2019s development.<br \/>\nOur company operates the following business lines:<\/p>\n<ul>\n<li>Workers Transportation<\/li>\n<li>Scheduled local public transport<\/li>\n<li>Intercity, &#8211; long-distance scheduled transport<\/li>\n<li>International scheduled transport<\/li>\n<li>Special flight transportation<\/li>\n<li>Used bus fleet trade<\/li>\n<\/ul>\n<p>As a dynamically growing company since our establishment, our sales revenue exceeded HUF 1 billion in 2007, and then exceeded HUF 3 billion in 2015 due to the continuous growth. In recent years, we have become the leading bus passenger transport company in the country.<\/p>\n<p>Our social role in the Hungarian Olympic movement is extremely important to us. We could proudly claim the title of Hungarian supplier of the Hungarian Olympic Team from 2002.<br \/>\nWe believe that in passenger transport, as we transport people, it is only worth providing with care and attention.[\/vc_column_text][vc_separator type=&#8221;normal&#8221;][\/vc_column][\/vc_row][vc_row css_animation=&#8221;&#8221; row_type=&#8221;row&#8221; text_align=&#8221;left&#8221;][vc_column width=&#8221;1\/2&#8243;][vc_column_text]\n<div class=\"wpb_text_column wpb_content_element \">\n<div class=\"wpb_wrapper\">\n<p>&nbsp;<\/p>\n<p><strong><img loading=\"lazy\" decoding=\"async\" class=\"alignnone wp-image-8177\" src=\"https:\/\/homm.hu\/www\/wp-content\/uploads\/2023\/04\/Homm-Karoly-200x300.jpg\" alt=\"\" width=\"200\" height=\"300\" srcset=\"https:\/\/homm.hu\/www\/wp-content\/uploads\/2023\/04\/Homm-Karoly-200x300.jpg 200w, https:\/\/homm.hu\/www\/wp-content\/uploads\/2023\/04\/Homm-Karoly.jpg 640w\" sizes=\"(max-width: 200px) 100vw, 200px\" \/><\/strong><\/p>\n<p><strong>K\u00e1roly Homm<\/strong><br \/>\nExecutive Director<\/p>\n<\/div>\n<\/div>\n[\/vc_column_text][\/vc_column][vc_column width=&#8221;1\/2&#8243;][vc_column_text]\n<div class=\"wpb_text_column wpb_content_element \">\n<div class=\"wpb_wrapper\">\n<div class=\"wpb_text_column wpb_content_element \">\n<div class=\"wpb_wrapper\">\n<p>&nbsp;<\/p>\n<p><strong><img loading=\"lazy\" decoding=\"async\" class=\"alignnone size-medium wp-image-8179\" src=\"https:\/\/homm.hu\/www\/wp-content\/uploads\/2023\/04\/Toth-Balazs-200x300.jpg\" alt=\"\" width=\"200\" height=\"300\" srcset=\"https:\/\/homm.hu\/www\/wp-content\/uploads\/2023\/04\/Toth-Balazs-200x300.jpg 200w, https:\/\/homm.hu\/www\/wp-content\/uploads\/2023\/04\/Toth-Balazs.jpg 640w\" sizes=\"(max-width: 200px) 100vw, 200px\" \/><\/strong><\/p>\n<p><strong>Bal\u00e1zs T\u00f3th<\/strong><br \/>\nExecutive Director<\/p>\n<p>&nbsp;<\/p>\n<\/div>\n<\/div>\n<\/div>\n<\/div>\n[\/vc_column_text][\/vc_column][\/vc_row][vc_row css_animation=&#8221;&#8221; row_type=&#8221;row&#8221; text_align=&#8221;left&#8221;][vc_column][vc_separator type=&#8221;normal&#8221;][\/vc_column][\/vc_row]\n","protected":false},"excerpt":{"rendered":"<p>[vc_row css_animation=&#8221;&#8221; row_type=&#8221;row&#8221; text_align=&#8221;left&#8221;][vc_column width=&#8221;1\/3&#8243;][vc_row_inner row_type=&#8221;row&#8221; text_align=&#8221;left&#8221;][vc_column_inner][vc_single_image image=&#8221;5159&#8243; img_size=&#8221;full&#8221;][\/vc_column_inner][\/vc_row_inner][\/vc_column][vc_column width=&#8221;2\/3&#8243;][vc_column_text] Homm team Our team consists of well-trained employees with several years of experience, sometimes decades in passenger transport business, who are committed to our company. We have implemented an honest, open dialogue between the company\u2019s management and employees, which allows good ideas, but also problems to be solved, come to the surface. All our employees know and identify with our goals, in order to achieve them, they work in the best possible quality.[\/vc_column_text][\/vc_column][\/vc_row][vc_row css_animation=&#8221;&#8221; row_type=&#8221;row&#8221; text_align=&#8221;left&#8221;][vc_column][vc_row_inner row_type=&#8221;row&#8221; text_align=&#8221;left&#8221;][vc_column_inner][vc_separator type=&#8221;normal&#8221; up=&#8221;30&#8243; down=&#8221;30&#8243;][\/vc_column_inner][\/vc_row_inner][vc_column_text] Company history The predecessor of Homm Kft. started its&#8230;<\/p>\n","protected":false},"author":1,"featured_media":0,"parent":0,"menu_order":0,"comment_status":"closed","ping_status":"closed","template":"","meta":{"_et_pb_use_builder":"on","_et_pb_old_content":"[vc_row css_animation=\"\" row_type=\"row\" text_align=\"left\"][vc_column width=\"1\/3\"][vc_row_inner row_type=\"row\" text_align=\"left\"][vc_column_inner][vc_single_image image=\"5159\" img_size=\"full\"][\/vc_column_inner][\/vc_row_inner][\/vc_column][vc_column width=\"2\/3\"][vc_column_text]\r\n<h2>Homm team<\/h2>\r\nOur team consists of well-trained employees with several years of experience, sometimes decades in passenger transport business, who are committed to our company.\r\n\r\nWe have implemented an honest, open dialogue between the company\u2019s management and employees, which allows good ideas, but also problems to be solved, come to the surface.\r\n\r\nAll our employees know and identify with our goals, in order to achieve them, they work in the best possible quality.[\/vc_column_text][\/vc_column][\/vc_row][vc_row css_animation=\"\" row_type=\"row\" text_align=\"left\"][vc_column][vc_row_inner row_type=\"row\" text_align=\"left\"][vc_column_inner][vc_separator type=\"normal\" up=\"30\" down=\"30\"][\/vc_column_inner][\/vc_row_inner][vc_column_text]\r\n<h2>Company history<\/h2>\r\nThe predecessor of Homm Kft. started its activity in 1989 as a sole proprietorship. From this - Homm Bt. was established in 1991 from a bus passenger transport company, then in 1999 Homm Kft. The company was initially involved in tourist passenger transport and then won its first employee transport contract in 2000, followed by newer ones.\r\n\r\nA significant stage in the life of our company is our first job in scheduled transport. In 2005, we were the first in the country to win flights as a subcontractor on the Bana-Budapest-Bana route in a public procurement tender published by Vol\u00e1nbusz Zrt.\r\n\r\nWe consider the local transport of Szentendre city, which awarded to us as a single and individual service provider in 2012, and the local transportation of Buda\u00f6rs city in 2013 as further significant milestones in our company\u2019s development.\r\nOur company operates the following business lines:\r\n<ul>\r\n \t<li>Workers Transportation<\/li>\r\n \t<li>Scheduled local public transport<\/li>\r\n \t<li>Intercity, - long-distance scheduled transport<\/li>\r\n \t<li>International scheduled transport<\/li>\r\n \t<li>Special flight transportation<\/li>\r\n \t<li>Used bus fleet trade<\/li>\r\n<\/ul>\r\nAs a dynamically growing company since our establishment, our sales revenue exceeded HUF 1 billion in 2007, and then exceeded HUF 3 billion in 2015 due to the continuous growth. In recent years, we have become the leading bus passenger transport company in the country.\r\n\r\nOur social role in the Hungarian Olympic movement is extremely important to us. We could proudly claim the title of Hungarian supplier of the Hungarian Olympic Team from 2002.\r\nWe believe that in passenger transport, as we transport people, it is only worth providing with care and attention.[\/vc_column_text][vc_separator type=\"normal\"][\/vc_column][\/vc_row][vc_row css_animation=\"\" row_type=\"row\" text_align=\"left\"][vc_column width=\"1\/2\"][vc_column_text]\r\n<div class=\"wpb_text_column wpb_content_element \">\r\n<div class=\"wpb_wrapper\">\r\n\r\n<strong><img class=\"alignnone size-medium wp-image-8177\" src=\"https:\/\/homm.hu\/www\/wp-content\/uploads\/2023\/04\/Homm-Karoly-200x300.jpg\" alt=\"\" width=\"200\" height=\"300\" \/><\/strong>\r\n\r\n<strong>K\u00e1roly Homm<\/strong>\r\nExecutive Director\r\n\r\n<\/div>\r\n<\/div>\r\n[\/vc_column_text][\/vc_column][vc_column width=\"1\/2\"][vc_column_text]\r\n<div class=\"wpb_text_column wpb_content_element \">\r\n<div class=\"wpb_wrapper\">\r\n<div class=\"wpb_text_column wpb_content_element \">\r\n<div class=\"wpb_wrapper\">\r\n\r\n<strong><img class=\"alignnone size-medium wp-image-8179\" src=\"https:\/\/homm.hu\/www\/wp-content\/uploads\/2023\/04\/Toth-Balazs-200x300.jpg\" alt=\"\" width=\"200\" height=\"300\" \/><\/strong>\r\n\r\n<strong>Bal\u00e1zs T\u00f3th<\/strong>\r\nExecutive Director\r\n\r\n\u00a0\r\n\r\n<\/div>\r\n<\/div>\r\n<\/div>\r\n<\/div>\r\n[\/vc_column_text][\/vc_column][\/vc_row][vc_row css_animation=\"\" row_type=\"row\" text_align=\"left\"][vc_column][vc_separator type=\"normal\"][\/vc_column][\/vc_row]","_et_gb_content_width":"","footnotes":""},"yoast_head":"<!-- This site is optimized with the Yoast SEO plugin v19.4 - https:\/\/yoast.com\/wordpress\/plugins\/seo\/ -->\n<title>About Us - Homm.hu<\/title>\n<meta name=\"robots\" content=\"index, follow, max-snippet:-1, max-image-preview:large, max-video-preview:-1\" \/>\n<link rel=\"canonical\" href=\"https:\/\/homm.hu\/en\/about-us\/\" \/>\n<meta property=\"og:locale\" content=\"en_US\" \/>\n<meta property=\"og:type\" content=\"article\" \/>\n<meta property=\"og:title\" content=\"About Us - Homm.hu\" \/>\n<meta property=\"og:description\" content=\"[vc_row css_animation=&#8221;&#8221; row_type=&#8221;row&#8221; text_align=&#8221;left&#8221;][vc_column width=&#8221;1\/3&#8243;][vc_row_inner row_type=&#8221;row&#8221; text_align=&#8221;left&#8221;][vc_column_inner][vc_single_image image=&#8221;5159&#8243; img_size=&#8221;full&#8221;][\/vc_column_inner][\/vc_row_inner][\/vc_column][vc_column width=&#8221;2\/3&#8243;][vc_column_text] Homm team Our team consists of well-trained employees with several years of experience, sometimes decades in passenger transport business, who are committed to our company. We have implemented an honest, open dialogue between the company\u2019s management and employees, which allows good ideas, but also problems to be solved, come to the surface. All our employees know and identify with our goals, in order to achieve them, they work in the best possible quality.[\/vc_column_text][\/vc_column][\/vc_row][vc_row css_animation=&#8221;&#8221; row_type=&#8221;row&#8221; text_align=&#8221;left&#8221;][vc_column][vc_row_inner row_type=&#8221;row&#8221; text_align=&#8221;left&#8221;][vc_column_inner][vc_separator type=&#8221;normal&#8221; up=&#8221;30&#8243; down=&#8221;30&#8243;][\/vc_column_inner][\/vc_row_inner][vc_column_text] Company history The predecessor of Homm Kft. started its...\" \/>\n<meta property=\"og:url\" content=\"https:\/\/homm.hu\/en\/about-us\/\" \/>\n<meta property=\"og:site_name\" content=\"Homm.hu\" \/>\n<meta property=\"article:modified_time\" content=\"2023-04-17T06:54:09+00:00\" \/>\n<meta property=\"og:image\" content=\"https:\/\/homm.hu\/www\/wp-content\/uploads\/2023\/04\/Homm-Karoly-200x300.jpg\" \/>\n<meta name=\"twitter:card\" content=\"summary_large_image\" \/>\n<meta name=\"twitter:label1\" content=\"Est. reading time\" \/>\n\t<meta name=\"twitter:data1\" content=\"3 minutes\" \/>\n<script type=\"application\/ld+json\" class=\"yoast-schema-graph\">{\"@context\":\"https:\/\/schema.org\",\"@graph\":[{\"@type\":\"WebSite\",\"@id\":\"https:\/\/homm.hu\/#website\",\"url\":\"https:\/\/homm.hu\/\",\"name\":\"Homm.hu\",\"description\":\"Szem\u00e9lysz\u00e1ll\u00edt\u00e1s aut\u00f3busszal\",\"potentialAction\":[{\"@type\":\"SearchAction\",\"target\":{\"@type\":\"EntryPoint\",\"urlTemplate\":\"https:\/\/homm.hu\/?s={search_term_string}\"},\"query-input\":\"required name=search_term_string\"}],\"inLanguage\":\"en-US\"},{\"@type\":\"WebPage\",\"@id\":\"https:\/\/homm.hu\/en\/about-us\/\",\"url\":\"https:\/\/homm.hu\/en\/about-us\/\",\"name\":\"About Us - Homm.hu\",\"isPartOf\":{\"@id\":\"https:\/\/homm.hu\/#website\"},\"datePublished\":\"2015-09-29T10:41:04+00:00\",\"dateModified\":\"2023-04-17T06:54:09+00:00\",\"breadcrumb\":{\"@id\":\"https:\/\/homm.hu\/en\/about-us\/#breadcrumb\"},\"inLanguage\":\"en-US\",\"potentialAction\":[{\"@type\":\"ReadAction\",\"target\":[\"https:\/\/homm.hu\/en\/about-us\/\"]}]},{\"@type\":\"BreadcrumbList\",\"@id\":\"https:\/\/homm.hu\/en\/about-us\/#breadcrumb\",\"itemListElement\":[{\"@type\":\"ListItem\",\"position\":1,\"name\":\"Kezd\u0151lap\",\"item\":\"https:\/\/homm.hu\/\"},{\"@type\":\"ListItem\",\"position\":2,\"name\":\"About Us\"}]}]}<\/script>\n<!-- \/ Yoast SEO plugin. -->","yoast_head_json":{"title":"About Us - Homm.hu","robots":{"index":"index","follow":"follow","max-snippet":"max-snippet:-1","max-image-preview":"max-image-preview:large","max-video-preview":"max-video-preview:-1"},"canonical":"https:\/\/homm.hu\/en\/about-us\/","og_locale":"en_US","og_type":"article","og_title":"About Us - Homm.hu","og_description":"[vc_row css_animation=&#8221;&#8221; row_type=&#8221;row&#8221; text_align=&#8221;left&#8221;][vc_column width=&#8221;1\/3&#8243;][vc_row_inner row_type=&#8221;row&#8221; text_align=&#8221;left&#8221;][vc_column_inner][vc_single_image image=&#8221;5159&#8243; img_size=&#8221;full&#8221;][\/vc_column_inner][\/vc_row_inner][\/vc_column][vc_column width=&#8221;2\/3&#8243;][vc_column_text] Homm team Our team consists of well-trained employees with several years of experience, sometimes decades in passenger transport business, who are committed to our company. We have implemented an honest, open dialogue between the company\u2019s management and employees, which allows good ideas, but also problems to be solved, come to the surface. All our employees know and identify with our goals, in order to achieve them, they work in the best possible quality.[\/vc_column_text][\/vc_column][\/vc_row][vc_row css_animation=&#8221;&#8221; row_type=&#8221;row&#8221; text_align=&#8221;left&#8221;][vc_column][vc_row_inner row_type=&#8221;row&#8221; text_align=&#8221;left&#8221;][vc_column_inner][vc_separator type=&#8221;normal&#8221; up=&#8221;30&#8243; down=&#8221;30&#8243;][\/vc_column_inner][\/vc_row_inner][vc_column_text] Company history The predecessor of Homm Kft. started its...","og_url":"https:\/\/homm.hu\/en\/about-us\/","og_site_name":"Homm.hu","article_modified_time":"2023-04-17T06:54:09+00:00","og_image":[{"url":"https:\/\/homm.hu\/www\/wp-content\/uploads\/2023\/04\/Homm-Karoly-200x300.jpg"}],"twitter_card":"summary_large_image","twitter_misc":{"Est. reading time":"3 minutes"},"schema":{"@context":"https:\/\/schema.org","@graph":[{"@type":"WebSite","@id":"https:\/\/homm.hu\/#website","url":"https:\/\/homm.hu\/","name":"Homm.hu","description":"Szem\u00e9lysz\u00e1ll\u00edt\u00e1s aut\u00f3busszal","potentialAction":[{"@type":"SearchAction","target":{"@type":"EntryPoint","urlTemplate":"https:\/\/homm.hu\/?s={search_term_string}"},"query-input":"required name=search_term_string"}],"inLanguage":"en-US"},{"@type":"WebPage","@id":"https:\/\/homm.hu\/en\/about-us\/","url":"https:\/\/homm.hu\/en\/about-us\/","name":"About Us - Homm.hu","isPartOf":{"@id":"https:\/\/homm.hu\/#website"},"datePublished":"2015-09-29T10:41:04+00:00","dateModified":"2023-04-17T06:54:09+00:00","breadcrumb":{"@id":"https:\/\/homm.hu\/en\/about-us\/#breadcrumb"},"inLanguage":"en-US","potentialAction":[{"@type":"ReadAction","target":["https:\/\/homm.hu\/en\/about-us\/"]}]},{"@type":"BreadcrumbList","@id":"https:\/\/homm.hu\/en\/about-us\/#breadcrumb","itemListElement":[{"@type":"ListItem","position":1,"name":"Kezd\u0151lap","item":"https:\/\/homm.hu\/"},{"@type":"ListItem","position":2,"name":"About Us"}]}]}},"_links":{"self":[{"href":"https:\/\/homm.hu\/en\/wp-json\/wp\/v2\/pages\/5158"}],"collection":[{"href":"https:\/\/homm.hu\/en\/wp-json\/wp\/v2\/pages"}],"about":[{"href":"https:\/\/homm.hu\/en\/wp-json\/wp\/v2\/types\/page"}],"author":[{"embeddable":true,"href":"https:\/\/homm.hu\/en\/wp-json\/wp\/v2\/users\/1"}],"replies":[{"embeddable":true,"href":"https:\/\/homm.hu\/en\/wp-json\/wp\/v2\/comments?post=5158"}],"version-history":[{"count":11,"href":"https:\/\/homm.hu\/en\/wp-json\/wp\/v2\/pages\/5158\/revisions"}],"predecessor-version":[{"id":8186,"href":"https:\/\/homm.hu\/en\/wp-json\/wp\/v2\/pages\/5158\/revisions\/8186"}],"wp:attachment":[{"href":"https:\/\/homm.hu\/en\/wp-json\/wp\/v2\/media?parent=5158"}],"curies":[{"name":"wp","href":"https:\/\/api.w.org\/{rel}","templated":true}]}}