{"id":5175,"date":"2015-09-18T13:07:26","date_gmt":"2015-09-18T13:07:26","guid":{"rendered":"https:\/\/homm.hu\/szolgaltatasaink\/"},"modified":"2020-11-21T10:23:48","modified_gmt":"2020-11-21T09:23:48","slug":"services","status":"publish","type":"page","link":"https:\/\/homm.hu\/en\/services\/","title":{"rendered":"Our Services"},"content":{"rendered":"[vc_row css_animation=&#8221;&#8221; row_type=&#8221;row&#8221; text_align=&#8221;left&#8221;][vc_column][vc_column_text]\n<h1 style=\"text-align: center;\"><span style=\"color: #ec008c;\"><span style=\"color: #009359;\">OUR SERVICES<\/span><br \/>\n<\/span><\/h1>\n[\/vc_column_text][vc_separator type=&#8221;transparent&#8221; up=&#8221;20&#8243; down=&#8221;20&#8243;][\/vc_column][\/vc_row][vc_row css_animation=&#8221;&#8221; row_type=&#8221;row&#8221; text_align=&#8221;left&#8221;][vc_column width=&#8221;1\/3&#8243;][vc_single_image image=&#8221;4002&#8243; img_size=&#8221;full&#8221; onclick=&#8221;custom_link&#8221;][vc_separator type=&#8221;normal&#8221; color=&#8221;#ffffff&#8221; up=&#8221;5&#8243; down=&#8221;2&#8243;][vc_column_text]\n<h3>WORKER TRANSPORT<\/h3>\n<p>On the currently operated flights of Homm Kft., we transport approximately 16,000 people to work and home in several parts of the country every day. Our annual mileage reaches 12 million km, which we currently manage with 170 buses.[\/vc_column_text][vc_separator type=&#8221;normal&#8221; color=&#8221;#ffffff&#8221; up=&#8221;5&#8243; down=&#8221;2&#8243;]<a href=\"https:\/\/homm.hu\/en\/transport-of-workers\/\" target=\"_self\" class=\"qbutton small normal\" style=\"\">More<\/a>[\/vc_column][vc_column width=&#8221;1\/3&#8243;][vc_single_image image=&#8221;4004&#8243; img_size=&#8221;full&#8221;][vc_separator type=&#8221;normal&#8221; color=&#8221;#ffffff&#8221; up=&#8221;5&#8243; down=&#8221;2&#8243;][vc_column_text]\n<h3>LOCAL TRANSPORTATION<\/h3>\n<p>Homm Kft. has been a part of Buda\u00f6rs city\u2019s local transport for a long time. In the first period, in cooperation with several service providers (BKV, Vol\u00e1nbusz), Homm Kft. met the needs of urban travel as a subcontractor.[\/vc_column_text][vc_separator type=&#8221;normal&#8221; color=&#8221;#ffffff&#8221; up=&#8221;5&#8243; down=&#8221;2&#8243;]<a href=\"https:\/\/homm.hu\/en\/local-transportation\/\" target=\"_self\" class=\"qbutton small normal\" style=\"\">More<\/a>[\/vc_column][vc_column width=&#8221;1\/3&#8243;][vc_single_image image=&#8221;5028&#8243; img_size=&#8221;full&#8221;][vc_separator type=&#8221;normal&#8221; color=&#8221;#ffffff&#8221; up=&#8221;5&#8243; down=&#8221;2&#8243;][vc_column_text]\n<h3>SPECIAL FLIGHT<\/h3>\n<p>Based on individual needs, we undertake the organization and operation of special flights for companies, institutions, tourist groups and individuals both in Hungary and abroad.[\/vc_column_text][vc_separator type=&#8221;normal&#8221; color=&#8221;#ffffff&#8221; up=&#8221;5&#8243; down=&#8221;2&#8243;]<a href=\"https:\/\/homm.hu\/en\/special-flight\/\" target=\"_self\" class=\"qbutton small normal\" style=\"\">More<\/a>[vc_separator type=&#8221;transparent&#8221; up=&#8221;20&#8243; down=&#8221;20&#8243;][\/vc_column][\/vc_row][vc_row css_animation=&#8221;&#8221; row_type=&#8221;row&#8221; text_align=&#8221;left&#8221;][vc_column][vc_empty_space][\/vc_column][\/vc_row]\n","protected":false},"excerpt":{"rendered":"<p>[vc_row css_animation=&#8221;&#8221; row_type=&#8221;row&#8221; text_align=&#8221;left&#8221;][vc_column][vc_column_text] OUR SERVICES [\/vc_column_text][vc_separator type=&#8221;transparent&#8221; up=&#8221;20&#8243; down=&#8221;20&#8243;][\/vc_column][\/vc_row][vc_row css_animation=&#8221;&#8221; row_type=&#8221;row&#8221; text_align=&#8221;left&#8221;][vc_column width=&#8221;1\/3&#8243;][vc_single_image image=&#8221;4002&#8243; img_size=&#8221;full&#8221; onclick=&#8221;custom_link&#8221;][vc_separator type=&#8221;normal&#8221; color=&#8221;#ffffff&#8221; up=&#8221;5&#8243; down=&#8221;2&#8243;][vc_column_text] WORKER TRANSPORT On the currently operated flights of Homm Kft., we transport approximately 16,000 people to work and home in several parts of the country every day. Our annual mileage reaches 12 million km, which we currently manage with 170 buses.[\/vc_column_text][vc_separator type=&#8221;normal&#8221; color=&#8221;#ffffff&#8221; up=&#8221;5&#8243; down=&#8221;2&#8243;][\/vc_column][vc_column width=&#8221;1\/3&#8243;][vc_single_image image=&#8221;4004&#8243; img_size=&#8221;full&#8221;][vc_separator type=&#8221;normal&#8221; color=&#8221;#ffffff&#8221; up=&#8221;5&#8243; down=&#8221;2&#8243;][vc_column_text] LOCAL TRANSPORTATION Homm Kft. has been a part of Buda\u00f6rs city\u2019s local transport for a long time. In the first period, in cooperation with several service providers&#8230;<\/p>\n","protected":false},"author":1,"featured_media":0,"parent":0,"menu_order":0,"comment_status":"closed","ping_status":"open","template":"","meta":{"_et_pb_use_builder":"on","_et_pb_old_content":"","_et_gb_content_width":"","footnotes":""},"yoast_head":"<!-- This site is optimized with the Yoast SEO plugin v19.4 - https:\/\/yoast.com\/wordpress\/plugins\/seo\/ -->\n<title>Our Services - Homm.hu<\/title>\n<meta name=\"robots\" content=\"index, follow, max-snippet:-1, max-image-preview:large, max-video-preview:-1\" \/>\n<link rel=\"canonical\" href=\"https:\/\/homm.hu\/en\/services\/\" \/>\n<meta property=\"og:locale\" content=\"en_US\" \/>\n<meta property=\"og:type\" content=\"article\" \/>\n<meta property=\"og:title\" content=\"Our Services - Homm.hu\" \/>\n<meta property=\"og:description\" content=\"[vc_row css_animation=&#8221;&#8221; row_type=&#8221;row&#8221; text_align=&#8221;left&#8221;][vc_column][vc_column_text] OUR SERVICES [\/vc_column_text][vc_separator type=&#8221;transparent&#8221; up=&#8221;20&#8243; down=&#8221;20&#8243;][\/vc_column][\/vc_row][vc_row css_animation=&#8221;&#8221; row_type=&#8221;row&#8221; text_align=&#8221;left&#8221;][vc_column width=&#8221;1\/3&#8243;][vc_single_image image=&#8221;4002&#8243; img_size=&#8221;full&#8221; onclick=&#8221;custom_link&#8221;][vc_separator type=&#8221;normal&#8221; color=&#8221;#ffffff&#8221; up=&#8221;5&#8243; down=&#8221;2&#8243;][vc_column_text] WORKER TRANSPORT On the currently operated flights of Homm Kft., we transport approximately 16,000 people to work and home in several parts of the country every day. Our annual mileage reaches 12 million km, which we currently manage with 170 buses.[\/vc_column_text][vc_separator type=&#8221;normal&#8221; color=&#8221;#ffffff&#8221; up=&#8221;5&#8243; down=&#8221;2&#8243;][\/vc_column][vc_column width=&#8221;1\/3&#8243;][vc_single_image image=&#8221;4004&#8243; img_size=&#8221;full&#8221;][vc_separator type=&#8221;normal&#8221; color=&#8221;#ffffff&#8221; up=&#8221;5&#8243; down=&#8221;2&#8243;][vc_column_text] LOCAL TRANSPORTATION Homm Kft. has been a part of Buda\u00f6rs city\u2019s local transport for a long time. In the first period, in cooperation with several service providers...\" \/>\n<meta property=\"og:url\" content=\"https:\/\/homm.hu\/en\/services\/\" \/>\n<meta property=\"og:site_name\" content=\"Homm.hu\" \/>\n<meta property=\"article:modified_time\" content=\"2020-11-21T09:23:48+00:00\" \/>\n<meta name=\"twitter:card\" content=\"summary_large_image\" \/>\n<meta name=\"twitter:label1\" content=\"Est. reading time\" \/>\n\t<meta name=\"twitter:data1\" content=\"2 minutes\" \/>\n<script type=\"application\/ld+json\" class=\"yoast-schema-graph\">{\"@context\":\"https:\/\/schema.org\",\"@graph\":[{\"@type\":\"WebSite\",\"@id\":\"https:\/\/homm.hu\/#website\",\"url\":\"https:\/\/homm.hu\/\",\"name\":\"Homm.hu\",\"description\":\"Szem\u00e9lysz\u00e1ll\u00edt\u00e1s aut\u00f3busszal\",\"potentialAction\":[{\"@type\":\"SearchAction\",\"target\":{\"@type\":\"EntryPoint\",\"urlTemplate\":\"https:\/\/homm.hu\/?s={search_term_string}\"},\"query-input\":\"required name=search_term_string\"}],\"inLanguage\":\"en-US\"},{\"@type\":\"WebPage\",\"@id\":\"https:\/\/homm.hu\/en\/services\/\",\"url\":\"https:\/\/homm.hu\/en\/services\/\",\"name\":\"Our Services - Homm.hu\",\"isPartOf\":{\"@id\":\"https:\/\/homm.hu\/#website\"},\"datePublished\":\"2015-09-18T13:07:26+00:00\",\"dateModified\":\"2020-11-21T09:23:48+00:00\",\"breadcrumb\":{\"@id\":\"https:\/\/homm.hu\/en\/services\/#breadcrumb\"},\"inLanguage\":\"en-US\",\"potentialAction\":[{\"@type\":\"ReadAction\",\"target\":[\"https:\/\/homm.hu\/en\/services\/\"]}]},{\"@type\":\"BreadcrumbList\",\"@id\":\"https:\/\/homm.hu\/en\/services\/#breadcrumb\",\"itemListElement\":[{\"@type\":\"ListItem\",\"position\":1,\"name\":\"Kezd\u0151lap\",\"item\":\"https:\/\/homm.hu\/\"},{\"@type\":\"ListItem\",\"position\":2,\"name\":\"Our Services\"}]}]}<\/script>\n<!-- \/ Yoast SEO plugin. -->","yoast_head_json":{"title":"Our Services - Homm.hu","robots":{"index":"index","follow":"follow","max-snippet":"max-snippet:-1","max-image-preview":"max-image-preview:large","max-video-preview":"max-video-preview:-1"},"canonical":"https:\/\/homm.hu\/en\/services\/","og_locale":"en_US","og_type":"article","og_title":"Our Services - Homm.hu","og_description":"[vc_row css_animation=&#8221;&#8221; row_type=&#8221;row&#8221; text_align=&#8221;left&#8221;][vc_column][vc_column_text] OUR SERVICES [\/vc_column_text][vc_separator type=&#8221;transparent&#8221; up=&#8221;20&#8243; down=&#8221;20&#8243;][\/vc_column][\/vc_row][vc_row css_animation=&#8221;&#8221; row_type=&#8221;row&#8221; text_align=&#8221;left&#8221;][vc_column width=&#8221;1\/3&#8243;][vc_single_image image=&#8221;4002&#8243; img_size=&#8221;full&#8221; onclick=&#8221;custom_link&#8221;][vc_separator type=&#8221;normal&#8221; color=&#8221;#ffffff&#8221; up=&#8221;5&#8243; down=&#8221;2&#8243;][vc_column_text] WORKER TRANSPORT On the currently operated flights of Homm Kft., we transport approximately 16,000 people to work and home in several parts of the country every day. Our annual mileage reaches 12 million km, which we currently manage with 170 buses.[\/vc_column_text][vc_separator type=&#8221;normal&#8221; color=&#8221;#ffffff&#8221; up=&#8221;5&#8243; down=&#8221;2&#8243;][\/vc_column][vc_column width=&#8221;1\/3&#8243;][vc_single_image image=&#8221;4004&#8243; img_size=&#8221;full&#8221;][vc_separator type=&#8221;normal&#8221; color=&#8221;#ffffff&#8221; up=&#8221;5&#8243; down=&#8221;2&#8243;][vc_column_text] LOCAL TRANSPORTATION Homm Kft. has been a part of Buda\u00f6rs city\u2019s local transport for a long time. In the first period, in cooperation with several service providers...","og_url":"https:\/\/homm.hu\/en\/services\/","og_site_name":"Homm.hu","article_modified_time":"2020-11-21T09:23:48+00:00","twitter_card":"summary_large_image","twitter_misc":{"Est. reading time":"2 minutes"},"schema":{"@context":"https:\/\/schema.org","@graph":[{"@type":"WebSite","@id":"https:\/\/homm.hu\/#website","url":"https:\/\/homm.hu\/","name":"Homm.hu","description":"Szem\u00e9lysz\u00e1ll\u00edt\u00e1s aut\u00f3busszal","potentialAction":[{"@type":"SearchAction","target":{"@type":"EntryPoint","urlTemplate":"https:\/\/homm.hu\/?s={search_term_string}"},"query-input":"required name=search_term_string"}],"inLanguage":"en-US"},{"@type":"WebPage","@id":"https:\/\/homm.hu\/en\/services\/","url":"https:\/\/homm.hu\/en\/services\/","name":"Our Services - Homm.hu","isPartOf":{"@id":"https:\/\/homm.hu\/#website"},"datePublished":"2015-09-18T13:07:26+00:00","dateModified":"2020-11-21T09:23:48+00:00","breadcrumb":{"@id":"https:\/\/homm.hu\/en\/services\/#breadcrumb"},"inLanguage":"en-US","potentialAction":[{"@type":"ReadAction","target":["https:\/\/homm.hu\/en\/services\/"]}]},{"@type":"BreadcrumbList","@id":"https:\/\/homm.hu\/en\/services\/#breadcrumb","itemListElement":[{"@type":"ListItem","position":1,"name":"Kezd\u0151lap","item":"https:\/\/homm.hu\/"},{"@type":"ListItem","position":2,"name":"Our Services"}]}]}},"_links":{"self":[{"href":"https:\/\/homm.hu\/en\/wp-json\/wp\/v2\/pages\/5175"}],"collection":[{"href":"https:\/\/homm.hu\/en\/wp-json\/wp\/v2\/pages"}],"about":[{"href":"https:\/\/homm.hu\/en\/wp-json\/wp\/v2\/types\/page"}],"author":[{"embeddable":true,"href":"https:\/\/homm.hu\/en\/wp-json\/wp\/v2\/users\/1"}],"replies":[{"embeddable":true,"href":"https:\/\/homm.hu\/en\/wp-json\/wp\/v2\/comments?post=5175"}],"version-history":[{"count":4,"href":"https:\/\/homm.hu\/en\/wp-json\/wp\/v2\/pages\/5175\/revisions"}],"predecessor-version":[{"id":5180,"href":"https:\/\/homm.hu\/en\/wp-json\/wp\/v2\/pages\/5175\/revisions\/5180"}],"wp:attachment":[{"href":"https:\/\/homm.hu\/en\/wp-json\/wp\/v2\/media?parent=5175"}],"curies":[{"name":"wp","href":"https:\/\/api.w.org\/{rel}","templated":true}]}}