{"id":5181,"date":"2016-05-18T14:13:58","date_gmt":"2016-05-18T12:13:58","guid":{"rendered":"https:\/\/homm.hu\/karrier\/"},"modified":"2020-11-21T10:33:41","modified_gmt":"2020-11-21T09:33:41","slug":"career","status":"publish","type":"page","link":"https:\/\/homm.hu\/en\/career\/","title":{"rendered":"Career"},"content":{"rendered":"[vc_row css_animation=&#8221;&#8221; row_type=&#8221;row&#8221; text_align=&#8221;left&#8221;][vc_column][vc_column_text]\n<h2 style=\"text-align: center;\">Job opportunities at Homm<\/h2>\n<p>Our team consists of well-trained employees with several years, sometimes decades of passenger transport experience, who are committed to our company. We have implemented an honest, open dialogue between the company\u2019s management and employees, which allows good ideas, but also problems to be solved, and come to the surface. All our employees know and identify with our goals, in order to achieve them, they work in the best possible quality.<\/p>\n<p>If you are looking for challenging, diverse job opportunities, competitive benefits and continuous improvement, be a member of our team![\/vc_column_text][\/vc_column][\/vc_row][vc_row css_animation=&#8221;&#8221; row_type=&#8221;row&#8221; text_align=&#8221;left&#8221;][vc_column][vc_empty_space][\/vc_column][\/vc_row][vc_row css_animation=&#8221;&#8221; row_type=&#8221;row&#8221; text_align=&#8221;left&#8221;][vc_column]<a href=\"https:\/\/homm.hu\/en\/contact\/\" target=\"_self\" class=\"qbutton small normal\" style=\"\">CONTACT<\/a>[\/vc_column][\/vc_row][vc_row css_animation=&#8221;&#8221; row_type=&#8221;row&#8221; text_align=&#8221;left&#8221;][vc_column][vc_empty_space height=&#8221;64px&#8221;][\/vc_column][\/vc_row]\n","protected":false},"excerpt":{"rendered":"<p>[vc_row css_animation=&#8221;&#8221; row_type=&#8221;row&#8221; text_align=&#8221;left&#8221;][vc_column][vc_column_text] Job opportunities at Homm Our team consists of well-trained employees with several years, sometimes decades of passenger transport experience, who are committed to our company. We have implemented an honest, open dialogue between the company\u2019s management and employees, which allows good ideas, but also problems to be solved, and come to the surface. All our employees know and identify with our goals, in order to achieve them, they work in the best possible quality. If you are looking for challenging, diverse job opportunities, competitive benefits and continuous improvement, be a member of our team![\/vc_column_text][\/vc_column][\/vc_row][vc_row css_animation=&#8221;&#8221; row_type=&#8221;row&#8221;&#8230;<\/p>\n","protected":false},"author":1,"featured_media":0,"parent":0,"menu_order":0,"comment_status":"closed","ping_status":"closed","template":"","meta":{"_et_pb_use_builder":"on","_et_pb_old_content":"","_et_gb_content_width":"","footnotes":""},"yoast_head":"<!-- This site is optimized with the Yoast SEO plugin v19.4 - https:\/\/yoast.com\/wordpress\/plugins\/seo\/ -->\n<title>Career - Homm.hu<\/title>\n<meta name=\"robots\" content=\"index, follow, max-snippet:-1, max-image-preview:large, max-video-preview:-1\" \/>\n<link rel=\"canonical\" href=\"https:\/\/homm.hu\/en\/career\/\" \/>\n<meta property=\"og:locale\" content=\"en_US\" \/>\n<meta property=\"og:type\" content=\"article\" \/>\n<meta property=\"og:title\" content=\"Career - Homm.hu\" \/>\n<meta property=\"og:description\" content=\"[vc_row css_animation=&#8221;&#8221; row_type=&#8221;row&#8221; text_align=&#8221;left&#8221;][vc_column][vc_column_text] Job opportunities at Homm Our team consists of well-trained employees with several years, sometimes decades of passenger transport experience, who are committed to our company. We have implemented an honest, open dialogue between the company\u2019s management and employees, which allows good ideas, but also problems to be solved, and come to the surface. All our employees know and identify with our goals, in order to achieve them, they work in the best possible quality. If you are looking for challenging, diverse job opportunities, competitive benefits and continuous improvement, be a member of our team![\/vc_column_text][\/vc_column][\/vc_row][vc_row css_animation=&#8221;&#8221; row_type=&#8221;row&#8221;...\" \/>\n<meta property=\"og:url\" content=\"https:\/\/homm.hu\/en\/career\/\" \/>\n<meta property=\"og:site_name\" content=\"Homm.hu\" \/>\n<meta property=\"article:modified_time\" content=\"2020-11-21T09:33:41+00:00\" \/>\n<meta name=\"twitter:card\" content=\"summary_large_image\" \/>\n<meta name=\"twitter:label1\" content=\"Est. reading time\" \/>\n\t<meta name=\"twitter:data1\" content=\"1 minute\" \/>\n<script type=\"application\/ld+json\" class=\"yoast-schema-graph\">{\"@context\":\"https:\/\/schema.org\",\"@graph\":[{\"@type\":\"WebSite\",\"@id\":\"https:\/\/homm.hu\/#website\",\"url\":\"https:\/\/homm.hu\/\",\"name\":\"Homm.hu\",\"description\":\"Szem\u00e9lysz\u00e1ll\u00edt\u00e1s aut\u00f3busszal\",\"potentialAction\":[{\"@type\":\"SearchAction\",\"target\":{\"@type\":\"EntryPoint\",\"urlTemplate\":\"https:\/\/homm.hu\/?s={search_term_string}\"},\"query-input\":\"required name=search_term_string\"}],\"inLanguage\":\"en-US\"},{\"@type\":\"WebPage\",\"@id\":\"https:\/\/homm.hu\/en\/career\/\",\"url\":\"https:\/\/homm.hu\/en\/career\/\",\"name\":\"Career - Homm.hu\",\"isPartOf\":{\"@id\":\"https:\/\/homm.hu\/#website\"},\"datePublished\":\"2016-05-18T12:13:58+00:00\",\"dateModified\":\"2020-11-21T09:33:41+00:00\",\"breadcrumb\":{\"@id\":\"https:\/\/homm.hu\/en\/career\/#breadcrumb\"},\"inLanguage\":\"en-US\",\"potentialAction\":[{\"@type\":\"ReadAction\",\"target\":[\"https:\/\/homm.hu\/en\/career\/\"]}]},{\"@type\":\"BreadcrumbList\",\"@id\":\"https:\/\/homm.hu\/en\/career\/#breadcrumb\",\"itemListElement\":[{\"@type\":\"ListItem\",\"position\":1,\"name\":\"Kezd\u0151lap\",\"item\":\"https:\/\/homm.hu\/\"},{\"@type\":\"ListItem\",\"position\":2,\"name\":\"Career\"}]}]}<\/script>\n<!-- \/ Yoast SEO plugin. -->","yoast_head_json":{"title":"Career - Homm.hu","robots":{"index":"index","follow":"follow","max-snippet":"max-snippet:-1","max-image-preview":"max-image-preview:large","max-video-preview":"max-video-preview:-1"},"canonical":"https:\/\/homm.hu\/en\/career\/","og_locale":"en_US","og_type":"article","og_title":"Career - Homm.hu","og_description":"[vc_row css_animation=&#8221;&#8221; row_type=&#8221;row&#8221; text_align=&#8221;left&#8221;][vc_column][vc_column_text] Job opportunities at Homm Our team consists of well-trained employees with several years, sometimes decades of passenger transport experience, who are committed to our company. We have implemented an honest, open dialogue between the company\u2019s management and employees, which allows good ideas, but also problems to be solved, and come to the surface. All our employees know and identify with our goals, in order to achieve them, they work in the best possible quality. If you are looking for challenging, diverse job opportunities, competitive benefits and continuous improvement, be a member of our team![\/vc_column_text][\/vc_column][\/vc_row][vc_row css_animation=&#8221;&#8221; row_type=&#8221;row&#8221;...","og_url":"https:\/\/homm.hu\/en\/career\/","og_site_name":"Homm.hu","article_modified_time":"2020-11-21T09:33:41+00:00","twitter_card":"summary_large_image","twitter_misc":{"Est. reading time":"1 minute"},"schema":{"@context":"https:\/\/schema.org","@graph":[{"@type":"WebSite","@id":"https:\/\/homm.hu\/#website","url":"https:\/\/homm.hu\/","name":"Homm.hu","description":"Szem\u00e9lysz\u00e1ll\u00edt\u00e1s aut\u00f3busszal","potentialAction":[{"@type":"SearchAction","target":{"@type":"EntryPoint","urlTemplate":"https:\/\/homm.hu\/?s={search_term_string}"},"query-input":"required name=search_term_string"}],"inLanguage":"en-US"},{"@type":"WebPage","@id":"https:\/\/homm.hu\/en\/career\/","url":"https:\/\/homm.hu\/en\/career\/","name":"Career - Homm.hu","isPartOf":{"@id":"https:\/\/homm.hu\/#website"},"datePublished":"2016-05-18T12:13:58+00:00","dateModified":"2020-11-21T09:33:41+00:00","breadcrumb":{"@id":"https:\/\/homm.hu\/en\/career\/#breadcrumb"},"inLanguage":"en-US","potentialAction":[{"@type":"ReadAction","target":["https:\/\/homm.hu\/en\/career\/"]}]},{"@type":"BreadcrumbList","@id":"https:\/\/homm.hu\/en\/career\/#breadcrumb","itemListElement":[{"@type":"ListItem","position":1,"name":"Kezd\u0151lap","item":"https:\/\/homm.hu\/"},{"@type":"ListItem","position":2,"name":"Career"}]}]}},"_links":{"self":[{"href":"https:\/\/homm.hu\/en\/wp-json\/wp\/v2\/pages\/5181"}],"collection":[{"href":"https:\/\/homm.hu\/en\/wp-json\/wp\/v2\/pages"}],"about":[{"href":"https:\/\/homm.hu\/en\/wp-json\/wp\/v2\/types\/page"}],"author":[{"embeddable":true,"href":"https:\/\/homm.hu\/en\/wp-json\/wp\/v2\/users\/1"}],"replies":[{"embeddable":true,"href":"https:\/\/homm.hu\/en\/wp-json\/wp\/v2\/comments?post=5181"}],"version-history":[{"count":6,"href":"https:\/\/homm.hu\/en\/wp-json\/wp\/v2\/pages\/5181\/revisions"}],"predecessor-version":[{"id":5187,"href":"https:\/\/homm.hu\/en\/wp-json\/wp\/v2\/pages\/5181\/revisions\/5187"}],"wp:attachment":[{"href":"https:\/\/homm.hu\/en\/wp-json\/wp\/v2\/media?parent=5181"}],"curies":[{"name":"wp","href":"https:\/\/api.w.org\/{rel}","templated":true}]}}