{"id":5188,"date":"2017-05-31T21:07:52","date_gmt":"2017-05-31T19:07:52","guid":{"rendered":"https:\/\/homm.hu\/homm-magazin\/"},"modified":"2020-11-21T12:50:07","modified_gmt":"2020-11-21T11:50:07","slug":"press-room","status":"publish","type":"page","link":"https:\/\/homm.hu\/en\/press-room\/","title":{"rendered":"Press Room"},"content":{"rendered":"[vc_row css_animation=&#8221;&#8221; row_type=&#8221;row&#8221; text_align=&#8221;left&#8221;][vc_column][vc_custom_heading text=&#8221;PRESS ROOM&#8221; font_container=&#8221;tag:h2|text_align:center&#8221; use_theme_fonts=&#8221;yes&#8221;][\/vc_column][\/vc_row][vc_row css_animation=&#8221;&#8221; row_type=&#8221;row&#8221; text_align=&#8221;left&#8221;][vc_column][vc_empty_space][\/vc_column][\/vc_row][vc_row css_animation=&#8221;&#8221; row_type=&#8221;row&#8221; text_align=&#8221;left&#8221;][vc_column][vc_row_inner row_type=&#8221;row&#8221; text_align=&#8221;left&#8221;][vc_column_inner width=&#8221;1\/2&#8243; css=&#8221;.vc_custom_1602491335712{padding-right: 25px !important;}&#8221;][vc_column_text]\n<h3 style=\"text-align: center;\">Destination Focus &#8211; Hungary<\/h3>\n[\/vc_column_text][vc_empty_space][vc_single_image image=&#8221;5200&#8243; img_size=&#8221;full&#8221; style=&#8221;vc_box_shadow&#8221; onclick=&#8221;custom_link&#8221; link=&#8221;https:\/\/homm.hu\/www\/wp-content\/uploads\/2016\/05\/Destination-focus.pdf&#8221;][\/vc_column_inner][vc_column_inner width=&#8221;1\/2&#8243; css=&#8221;.vc_custom_1602491344712{padding-left: 25px !important;}&#8221;][vc_column_text]\n<h3 style=\"text-align: center;\">European Business Journal<\/h3>\n[\/vc_column_text][vc_empty_space][vc_single_image image=&#8221;5201&#8243; img_size=&#8221;full&#8221; style=&#8221;vc_box_shadow_border&#8221; onclick=&#8221;custom_link&#8221; link=&#8221;https:\/\/homm.hu\/www\/wp-content\/uploads\/2016\/05\/European-Business-Journal-k.pdf&#8221;][\/vc_column_inner][\/vc_row_inner][\/vc_column][\/vc_row][vc_row css_animation=&#8221;&#8221; row_type=&#8221;row&#8221; text_align=&#8221;left&#8221;][vc_column][vc_empty_space height=&#8221;50px&#8221;][\/vc_column][\/vc_row][vc_row css_animation=&#8221;&#8221; row_type=&#8221;row&#8221; text_align=&#8221;left&#8221;][vc_column][vc_separator type=&#8221;normal&#8221;][\/vc_column][\/vc_row][vc_row css_animation=&#8221;&#8221; row_type=&#8221;row&#8221; text_align=&#8221;left&#8221;][vc_column][vc_custom_heading text=&#8221;Issues of Homm Magazine published so far&#8221; font_container=&#8221;tag:h2|text_align:center&#8221; use_theme_fonts=&#8221;yes&#8221;][\/vc_column][\/vc_row][vc_row css_animation=&#8221;&#8221; row_type=&#8221;row&#8221; text_align=&#8221;left&#8221;][vc_column][vc_empty_space][\/vc_column][\/vc_row][vc_row css_animation=&#8221;&#8221; row_type=&#8221;row&#8221; text_align=&#8221;left&#8221;][vc_column width=&#8221;1\/4&#8243;][vc_single_image image=&#8221;5199&#8243; img_size=&#8221;full&#8221; add_caption=&#8221;yes&#8221; onclick=&#8221;custom_link&#8221; img_link_target=&#8221;_blank&#8221; css_animation=&#8221;zoomIn&#8221; link=&#8221;https:\/\/homm.hu\/www\/wp-content\/uploads\/2019\/12\/homm-magazin-2019-4-w.pdf&#8221;][vc_column_text]\n<p style=\"text-align: left;\">Homm Magazin 2019\/4<\/p>\n[\/vc_column_text][\/vc_column][vc_column width=&#8221;1\/4&#8243;][vc_single_image image=&#8221;4924&#8243; img_size=&#8221;full&#8221; add_caption=&#8221;yes&#8221; onclick=&#8221;custom_link&#8221; img_link_target=&#8221;_blank&#8221; css_animation=&#8221;zoomIn&#8221; link=&#8221;https:\/\/homm.hu\/www\/wp-content\/uploads\/2019\/11\/homm-magazin-2019-3-w.pdf&#8221;][vc_column_text]\n<p style=\"text-align: left;\">Homm Magazin 2019\/3<\/p>\n[\/vc_column_text][\/vc_column][vc_column width=&#8221;1\/4&#8243;][vc_single_image image=&#8221;4923&#8243; img_size=&#8221;full&#8221; add_caption=&#8221;yes&#8221; onclick=&#8221;custom_link&#8221; img_link_target=&#8221;_blank&#8221; css_animation=&#8221;zoomIn&#8221; link=&#8221;https:\/\/homm.hu\/www\/wp-content\/uploads\/2019\/11\/homm-magazin-2019-2-w.pdf&#8221;][vc_column_text]\n<p style=\"text-align: left;\">Homm Magazin 2019\/2<\/p>\n[\/vc_column_text][\/vc_column][vc_column width=&#8221;1\/4&#8243;][vc_single_image image=&#8221;4934&#8243; img_size=&#8221;full&#8221; add_caption=&#8221;yes&#8221; onclick=&#8221;custom_link&#8221; img_link_target=&#8221;_blank&#8221; css_animation=&#8221;zoomIn&#8221; link=&#8221;https:\/\/homm.hu\/www\/wp-content\/uploads\/2019\/05\/homm-magazin-2019-1-w.pdf&#8221;][vc_column_text]\n<p style=\"text-align: left;\">Homm Magazin 2019\/1<\/p>\n[\/vc_column_text][\/vc_column][\/vc_row][vc_row css_animation=&#8221;&#8221; row_type=&#8221;row&#8221; text_align=&#8221;left&#8221;][vc_column][vc_empty_space][\/vc_column][\/vc_row][vc_row css_animation=&#8221;&#8221; row_type=&#8221;row&#8221; text_align=&#8221;left&#8221;][vc_column width=&#8221;1\/4&#8243;][vc_single_image image=&#8221;4933&#8243; img_size=&#8221;full&#8221; add_caption=&#8221;yes&#8221; onclick=&#8221;custom_link&#8221; img_link_target=&#8221;_blank&#8221; css_animation=&#8221;zoomIn&#8221; link=&#8221;https:\/\/homm.hu\/www\/wp-content\/uploads\/2019\/05\/homm-magazin-2018-4-w.pdf&#8221;][vc_column_text]\n<p style=\"text-align: left;\">Homm Magazin 2018\/4<\/p>\n[\/vc_column_text][\/vc_column][vc_column width=&#8221;1\/4&#8243;][vc_single_image image=&#8221;4932&#8243; img_size=&#8221;full&#8221; add_caption=&#8221;yes&#8221; onclick=&#8221;custom_link&#8221; img_link_target=&#8221;_blank&#8221; css_animation=&#8221;zoomIn&#8221; link=&#8221;https:\/\/homm.hu\/www\/wp-content\/uploads\/2018\/11\/homm-magazin-2018-3-w.pdf&#8221;][vc_column_text]\n<p style=\"text-align: left;\">Homm Magazin 2018\/3<\/p>\n[\/vc_column_text][\/vc_column][vc_column width=&#8221;1\/4&#8243;][vc_single_image image=&#8221;4931&#8243; img_size=&#8221;full&#8221; add_caption=&#8221;yes&#8221; onclick=&#8221;custom_link&#8221; img_link_target=&#8221;_blank&#8221; css_animation=&#8221;zoomIn&#8221; link=&#8221;https:\/\/homm.hu\/www\/wp-content\/uploads\/2018\/06\/homm-magazin-2018-2-w.pdf&#8221;][vc_column_text]\n<p style=\"text-align: left;\">Homm Magazin 2018\/2<\/p>\n[\/vc_column_text][\/vc_column][vc_column width=&#8221;1\/4&#8243;][vc_single_image image=&#8221;4930&#8243; img_size=&#8221;full&#8221; add_caption=&#8221;yes&#8221; onclick=&#8221;custom_link&#8221; img_link_target=&#8221;_blank&#8221; css_animation=&#8221;zoomIn&#8221; link=&#8221;https:\/\/homm.hu\/www\/wp-content\/uploads\/2018\/06\/homm-magazin-2018-1-w.pdf&#8221;][vc_column_text]\n<p style=\"text-align: left;\">Homm Magazin 2018\/1<\/p>\n[\/vc_column_text][\/vc_column][\/vc_row][vc_row css_animation=&#8221;&#8221; row_type=&#8221;row&#8221; text_align=&#8221;left&#8221;][vc_column][vc_empty_space][\/vc_column][\/vc_row][vc_row css_animation=&#8221;&#8221; row_type=&#8221;row&#8221; text_align=&#8221;left&#8221;][vc_column width=&#8221;1\/4&#8243;][vc_single_image image=&#8221;4929&#8243; img_size=&#8221;full&#8221; add_caption=&#8221;yes&#8221; onclick=&#8221;custom_link&#8221; img_link_target=&#8221;_blank&#8221; css_animation=&#8221;zoomIn&#8221; link=&#8221;https:\/\/homm.hu\/www\/wp-content\/uploads\/2018\/06\/homm-magazin-2017-3-w.pdf&#8221;][vc_column_text]\n<p style=\"text-align: left;\">Homm Magazin 2017\/3<\/p>\n[\/vc_column_text][\/vc_column][vc_column width=&#8221;1\/4&#8243;][vc_single_image image=&#8221;4928&#8243; img_size=&#8221;full&#8221; add_caption=&#8221;yes&#8221; onclick=&#8221;custom_link&#8221; img_link_target=&#8221;_blank&#8221; css_animation=&#8221;zoomIn&#8221; link=&#8221;https:\/\/homm.hu\/www\/wp-content\/uploads\/2018\/06\/homm-magazin-2017-2-w.pdf&#8221;][vc_column_text]\n<p style=\"text-align: left;\">Homm Magazin 2017\/2<\/p>\n[\/vc_column_text][\/vc_column][vc_column width=&#8221;1\/4&#8243;][vc_single_image image=&#8221;4927&#8243; img_size=&#8221;full&#8221; add_caption=&#8221;yes&#8221; onclick=&#8221;custom_link&#8221; img_link_target=&#8221;_blank&#8221; css_animation=&#8221;zoomIn&#8221; link=&#8221;https:\/\/homm.hu\/www\/wp-content\/uploads\/2018\/06\/homm-magazin-2017-1-w.pdf&#8221;][vc_column_text]\n<p style=\"text-align: left;\">Homm Magazin 2017\/1<\/p>\n[\/vc_column_text][\/vc_column][vc_column width=&#8221;1\/4&#8243;][\/vc_column][\/vc_row][vc_row css_animation=&#8221;&#8221; row_type=&#8221;row&#8221; text_align=&#8221;left&#8221;][vc_column][vc_empty_space][\/vc_column][\/vc_row][vc_row css_animation=&#8221;&#8221; row_type=&#8221;row&#8221; text_align=&#8221;left&#8221;][vc_column][vc_separator type=&#8221;normal&#8221;][\/vc_column][\/vc_row][vc_row css_animation=&#8221;&#8221; row_type=&#8221;row&#8221; text_align=&#8221;left&#8221;][vc_column]<a href=\"https:\/\/homm.hu\/videok\/\" target=\"_self\" class=\"qbutton big_large normal\" style=\"\">Vide\u00f3k<\/a>[\/vc_column][\/vc_row][vc_row css_animation=&#8221;&#8221; row_type=&#8221;row&#8221; text_align=&#8221;left&#8221;][vc_column][vc_empty_space height=&#8221;60px&#8221;][\/vc_column][\/vc_row]\n","protected":false},"excerpt":{"rendered":"<p>[vc_row css_animation=&#8221;&#8221; row_type=&#8221;row&#8221; text_align=&#8221;left&#8221;][vc_column][vc_custom_heading text=&#8221;PRESS ROOM&#8221; font_container=&#8221;tag:h2|text_align:center&#8221; use_theme_fonts=&#8221;yes&#8221;][\/vc_column][\/vc_row][vc_row css_animation=&#8221;&#8221; row_type=&#8221;row&#8221; text_align=&#8221;left&#8221;][vc_column][vc_empty_space][\/vc_column][\/vc_row][vc_row css_animation=&#8221;&#8221; row_type=&#8221;row&#8221; text_align=&#8221;left&#8221;][vc_column][vc_row_inner row_type=&#8221;row&#8221; text_align=&#8221;left&#8221;][vc_column_inner width=&#8221;1\/2&#8243; css=&#8221;.vc_custom_1602491335712{padding-right: 25px !important;}&#8221;][vc_column_text] Destination Focus &#8211; Hungary [\/vc_column_text][vc_empty_space][vc_single_image image=&#8221;5200&#8243; img_size=&#8221;full&#8221; style=&#8221;vc_box_shadow&#8221; onclick=&#8221;custom_link&#8221; link=&#8221;https:\/\/homm.hu\/www\/wp-content\/uploads\/2016\/05\/Destination-focus.pdf&#8221;][\/vc_column_inner][vc_column_inner width=&#8221;1\/2&#8243; css=&#8221;.vc_custom_1602491344712{padding-left: 25px !important;}&#8221;][vc_column_text] European Business Journal [\/vc_column_text][vc_empty_space][vc_single_image image=&#8221;5201&#8243; img_size=&#8221;full&#8221; style=&#8221;vc_box_shadow_border&#8221; onclick=&#8221;custom_link&#8221; link=&#8221;https:\/\/homm.hu\/www\/wp-content\/uploads\/2016\/05\/European-Business-Journal-k.pdf&#8221;][\/vc_column_inner][\/vc_row_inner][\/vc_column][\/vc_row][vc_row css_animation=&#8221;&#8221; row_type=&#8221;row&#8221; text_align=&#8221;left&#8221;][vc_column][vc_empty_space height=&#8221;50px&#8221;][\/vc_column][\/vc_row][vc_row css_animation=&#8221;&#8221; row_type=&#8221;row&#8221; text_align=&#8221;left&#8221;][vc_column][vc_separator type=&#8221;normal&#8221;][\/vc_column][\/vc_row][vc_row css_animation=&#8221;&#8221; row_type=&#8221;row&#8221; text_align=&#8221;left&#8221;][vc_column][vc_custom_heading text=&#8221;Issues of Homm Magazine published so far&#8221; font_container=&#8221;tag:h2|text_align:center&#8221; use_theme_fonts=&#8221;yes&#8221;][\/vc_column][\/vc_row][vc_row css_animation=&#8221;&#8221; row_type=&#8221;row&#8221; text_align=&#8221;left&#8221;][vc_column][vc_empty_space][\/vc_column][\/vc_row][vc_row css_animation=&#8221;&#8221; row_type=&#8221;row&#8221; text_align=&#8221;left&#8221;][vc_column width=&#8221;1\/4&#8243;][vc_single_image image=&#8221;5199&#8243; img_size=&#8221;full&#8221; add_caption=&#8221;yes&#8221; onclick=&#8221;custom_link&#8221; img_link_target=&#8221;_blank&#8221; css_animation=&#8221;zoomIn&#8221; link=&#8221;https:\/\/homm.hu\/www\/wp-content\/uploads\/2019\/12\/homm-magazin-2019-4-w.pdf&#8221;][vc_column_text] Homm Magazin 2019\/4 [\/vc_column_text][\/vc_column][vc_column width=&#8221;1\/4&#8243;][vc_single_image image=&#8221;4924&#8243; img_size=&#8221;full&#8221; add_caption=&#8221;yes&#8221; onclick=&#8221;custom_link&#8221; img_link_target=&#8221;_blank&#8221; css_animation=&#8221;zoomIn&#8221; link=&#8221;https:\/\/homm.hu\/www\/wp-content\/uploads\/2019\/11\/homm-magazin-2019-3-w.pdf&#8221;][vc_column_text] Homm Magazin 2019\/3 [\/vc_column_text][\/vc_column][vc_column width=&#8221;1\/4&#8243;][vc_single_image image=&#8221;4923&#8243; img_size=&#8221;full&#8221; add_caption=&#8221;yes&#8221; onclick=&#8221;custom_link&#8221; img_link_target=&#8221;_blank&#8221; css_animation=&#8221;zoomIn&#8221;&#8230;<\/p>\n","protected":false},"author":1,"featured_media":5190,"parent":0,"menu_order":0,"comment_status":"closed","ping_status":"closed","template":"","meta":{"_et_pb_use_builder":"","_et_pb_old_content":"","_et_gb_content_width":"","footnotes":""},"yoast_head":"<!-- This site is optimized with the Yoast SEO plugin v19.4 - https:\/\/yoast.com\/wordpress\/plugins\/seo\/ -->\n<title>Press Room - Homm.hu<\/title>\n<meta name=\"robots\" content=\"index, follow, max-snippet:-1, max-image-preview:large, max-video-preview:-1\" \/>\n<link rel=\"canonical\" href=\"https:\/\/homm.hu\/en\/press-room\/\" \/>\n<meta property=\"og:locale\" content=\"en_US\" \/>\n<meta property=\"og:type\" content=\"article\" \/>\n<meta property=\"og:title\" content=\"Press Room - Homm.hu\" \/>\n<meta property=\"og:description\" content=\"[vc_row css_animation=&#8221;&#8221; row_type=&#8221;row&#8221; text_align=&#8221;left&#8221;][vc_column][vc_custom_heading text=&#8221;PRESS ROOM&#8221; font_container=&#8221;tag:h2|text_align:center&#8221; use_theme_fonts=&#8221;yes&#8221;][\/vc_column][\/vc_row][vc_row css_animation=&#8221;&#8221; row_type=&#8221;row&#8221; text_align=&#8221;left&#8221;][vc_column][vc_empty_space][\/vc_column][\/vc_row][vc_row css_animation=&#8221;&#8221; row_type=&#8221;row&#8221; text_align=&#8221;left&#8221;][vc_column][vc_row_inner row_type=&#8221;row&#8221; text_align=&#8221;left&#8221;][vc_column_inner width=&#8221;1\/2&#8243; css=&#8221;.vc_custom_1602491335712{padding-right: 25px !important;}&#8221;][vc_column_text] Destination Focus &#8211; Hungary [\/vc_column_text][vc_empty_space][vc_single_image image=&#8221;5200&#8243; img_size=&#8221;full&#8221; style=&#8221;vc_box_shadow&#8221; onclick=&#8221;custom_link&#8221; link=&#8221;https:\/\/homm.hu\/www\/wp-content\/uploads\/2016\/05\/Destination-focus.pdf&#8221;][\/vc_column_inner][vc_column_inner width=&#8221;1\/2&#8243; css=&#8221;.vc_custom_1602491344712{padding-left: 25px !important;}&#8221;][vc_column_text] European Business Journal [\/vc_column_text][vc_empty_space][vc_single_image image=&#8221;5201&#8243; img_size=&#8221;full&#8221; style=&#8221;vc_box_shadow_border&#8221; onclick=&#8221;custom_link&#8221; link=&#8221;https:\/\/homm.hu\/www\/wp-content\/uploads\/2016\/05\/European-Business-Journal-k.pdf&#8221;][\/vc_column_inner][\/vc_row_inner][\/vc_column][\/vc_row][vc_row css_animation=&#8221;&#8221; row_type=&#8221;row&#8221; text_align=&#8221;left&#8221;][vc_column][vc_empty_space height=&#8221;50px&#8221;][\/vc_column][\/vc_row][vc_row css_animation=&#8221;&#8221; row_type=&#8221;row&#8221; text_align=&#8221;left&#8221;][vc_column][vc_separator type=&#8221;normal&#8221;][\/vc_column][\/vc_row][vc_row css_animation=&#8221;&#8221; row_type=&#8221;row&#8221; text_align=&#8221;left&#8221;][vc_column][vc_custom_heading text=&#8221;Issues of Homm Magazine published so far&#8221; font_container=&#8221;tag:h2|text_align:center&#8221; use_theme_fonts=&#8221;yes&#8221;][\/vc_column][\/vc_row][vc_row css_animation=&#8221;&#8221; row_type=&#8221;row&#8221; text_align=&#8221;left&#8221;][vc_column][vc_empty_space][\/vc_column][\/vc_row][vc_row css_animation=&#8221;&#8221; row_type=&#8221;row&#8221; text_align=&#8221;left&#8221;][vc_column width=&#8221;1\/4&#8243;][vc_single_image image=&#8221;5199&#8243; img_size=&#8221;full&#8221; add_caption=&#8221;yes&#8221; onclick=&#8221;custom_link&#8221; img_link_target=&#8221;_blank&#8221; css_animation=&#8221;zoomIn&#8221; link=&#8221;https:\/\/homm.hu\/www\/wp-content\/uploads\/2019\/12\/homm-magazin-2019-4-w.pdf&#8221;][vc_column_text] Homm Magazin 2019\/4 [\/vc_column_text][\/vc_column][vc_column width=&#8221;1\/4&#8243;][vc_single_image image=&#8221;4924&#8243; img_size=&#8221;full&#8221; add_caption=&#8221;yes&#8221; onclick=&#8221;custom_link&#8221; img_link_target=&#8221;_blank&#8221; css_animation=&#8221;zoomIn&#8221; link=&#8221;https:\/\/homm.hu\/www\/wp-content\/uploads\/2019\/11\/homm-magazin-2019-3-w.pdf&#8221;][vc_column_text] Homm Magazin 2019\/3 [\/vc_column_text][\/vc_column][vc_column width=&#8221;1\/4&#8243;][vc_single_image image=&#8221;4923&#8243; img_size=&#8221;full&#8221; add_caption=&#8221;yes&#8221; onclick=&#8221;custom_link&#8221; img_link_target=&#8221;_blank&#8221; css_animation=&#8221;zoomIn&#8221;...\" \/>\n<meta property=\"og:url\" content=\"https:\/\/homm.hu\/en\/press-room\/\" \/>\n<meta property=\"og:site_name\" content=\"Homm.hu\" \/>\n<meta property=\"article:modified_time\" content=\"2020-11-21T11:50:07+00:00\" \/>\n<meta property=\"og:image\" content=\"https:\/\/homm.hu\/www\/wp-content\/uploads\/2019\/11\/homm-ujsagok.jpg\" \/>\n\t<meta property=\"og:image:width\" content=\"400\" \/>\n\t<meta property=\"og:image:height\" content=\"400\" \/>\n\t<meta property=\"og:image:type\" content=\"image\/jpeg\" \/>\n<meta name=\"twitter:card\" content=\"summary_large_image\" \/>\n<meta name=\"twitter:label1\" content=\"Est. reading time\" \/>\n\t<meta name=\"twitter:data1\" content=\"5 minutes\" \/>\n<script type=\"application\/ld+json\" class=\"yoast-schema-graph\">{\"@context\":\"https:\/\/schema.org\",\"@graph\":[{\"@type\":\"WebSite\",\"@id\":\"https:\/\/homm.hu\/#website\",\"url\":\"https:\/\/homm.hu\/\",\"name\":\"Homm.hu\",\"description\":\"Szem\u00e9lysz\u00e1ll\u00edt\u00e1s aut\u00f3busszal\",\"potentialAction\":[{\"@type\":\"SearchAction\",\"target\":{\"@type\":\"EntryPoint\",\"urlTemplate\":\"https:\/\/homm.hu\/?s={search_term_string}\"},\"query-input\":\"required name=search_term_string\"}],\"inLanguage\":\"en-US\"},{\"@type\":\"WebPage\",\"@id\":\"https:\/\/homm.hu\/en\/press-room\/\",\"url\":\"https:\/\/homm.hu\/en\/press-room\/\",\"name\":\"Press Room - Homm.hu\",\"isPartOf\":{\"@id\":\"https:\/\/homm.hu\/#website\"},\"datePublished\":\"2017-05-31T19:07:52+00:00\",\"dateModified\":\"2020-11-21T11:50:07+00:00\",\"breadcrumb\":{\"@id\":\"https:\/\/homm.hu\/en\/press-room\/#breadcrumb\"},\"inLanguage\":\"en-US\",\"potentialAction\":[{\"@type\":\"ReadAction\",\"target\":[\"https:\/\/homm.hu\/en\/press-room\/\"]}]},{\"@type\":\"BreadcrumbList\",\"@id\":\"https:\/\/homm.hu\/en\/press-room\/#breadcrumb\",\"itemListElement\":[{\"@type\":\"ListItem\",\"position\":1,\"name\":\"Kezd\u0151lap\",\"item\":\"https:\/\/homm.hu\/\"},{\"@type\":\"ListItem\",\"position\":2,\"name\":\"Press Room\"}]}]}<\/script>\n<!-- \/ Yoast SEO plugin. -->","yoast_head_json":{"title":"Press Room - Homm.hu","robots":{"index":"index","follow":"follow","max-snippet":"max-snippet:-1","max-image-preview":"max-image-preview:large","max-video-preview":"max-video-preview:-1"},"canonical":"https:\/\/homm.hu\/en\/press-room\/","og_locale":"en_US","og_type":"article","og_title":"Press Room - Homm.hu","og_description":"[vc_row css_animation=&#8221;&#8221; row_type=&#8221;row&#8221; text_align=&#8221;left&#8221;][vc_column][vc_custom_heading text=&#8221;PRESS ROOM&#8221; font_container=&#8221;tag:h2|text_align:center&#8221; use_theme_fonts=&#8221;yes&#8221;][\/vc_column][\/vc_row][vc_row css_animation=&#8221;&#8221; row_type=&#8221;row&#8221; text_align=&#8221;left&#8221;][vc_column][vc_empty_space][\/vc_column][\/vc_row][vc_row css_animation=&#8221;&#8221; row_type=&#8221;row&#8221; text_align=&#8221;left&#8221;][vc_column][vc_row_inner row_type=&#8221;row&#8221; text_align=&#8221;left&#8221;][vc_column_inner width=&#8221;1\/2&#8243; css=&#8221;.vc_custom_1602491335712{padding-right: 25px !important;}&#8221;][vc_column_text] Destination Focus &#8211; Hungary [\/vc_column_text][vc_empty_space][vc_single_image image=&#8221;5200&#8243; img_size=&#8221;full&#8221; style=&#8221;vc_box_shadow&#8221; onclick=&#8221;custom_link&#8221; link=&#8221;https:\/\/homm.hu\/www\/wp-content\/uploads\/2016\/05\/Destination-focus.pdf&#8221;][\/vc_column_inner][vc_column_inner width=&#8221;1\/2&#8243; css=&#8221;.vc_custom_1602491344712{padding-left: 25px !important;}&#8221;][vc_column_text] European Business Journal [\/vc_column_text][vc_empty_space][vc_single_image image=&#8221;5201&#8243; img_size=&#8221;full&#8221; style=&#8221;vc_box_shadow_border&#8221; onclick=&#8221;custom_link&#8221; link=&#8221;https:\/\/homm.hu\/www\/wp-content\/uploads\/2016\/05\/European-Business-Journal-k.pdf&#8221;][\/vc_column_inner][\/vc_row_inner][\/vc_column][\/vc_row][vc_row css_animation=&#8221;&#8221; row_type=&#8221;row&#8221; text_align=&#8221;left&#8221;][vc_column][vc_empty_space height=&#8221;50px&#8221;][\/vc_column][\/vc_row][vc_row css_animation=&#8221;&#8221; row_type=&#8221;row&#8221; text_align=&#8221;left&#8221;][vc_column][vc_separator type=&#8221;normal&#8221;][\/vc_column][\/vc_row][vc_row css_animation=&#8221;&#8221; row_type=&#8221;row&#8221; text_align=&#8221;left&#8221;][vc_column][vc_custom_heading text=&#8221;Issues of Homm Magazine published so far&#8221; font_container=&#8221;tag:h2|text_align:center&#8221; use_theme_fonts=&#8221;yes&#8221;][\/vc_column][\/vc_row][vc_row css_animation=&#8221;&#8221; row_type=&#8221;row&#8221; text_align=&#8221;left&#8221;][vc_column][vc_empty_space][\/vc_column][\/vc_row][vc_row css_animation=&#8221;&#8221; row_type=&#8221;row&#8221; text_align=&#8221;left&#8221;][vc_column width=&#8221;1\/4&#8243;][vc_single_image image=&#8221;5199&#8243; img_size=&#8221;full&#8221; add_caption=&#8221;yes&#8221; onclick=&#8221;custom_link&#8221; img_link_target=&#8221;_blank&#8221; css_animation=&#8221;zoomIn&#8221; link=&#8221;https:\/\/homm.hu\/www\/wp-content\/uploads\/2019\/12\/homm-magazin-2019-4-w.pdf&#8221;][vc_column_text] Homm Magazin 2019\/4 [\/vc_column_text][\/vc_column][vc_column width=&#8221;1\/4&#8243;][vc_single_image image=&#8221;4924&#8243; img_size=&#8221;full&#8221; add_caption=&#8221;yes&#8221; onclick=&#8221;custom_link&#8221; img_link_target=&#8221;_blank&#8221; css_animation=&#8221;zoomIn&#8221; link=&#8221;https:\/\/homm.hu\/www\/wp-content\/uploads\/2019\/11\/homm-magazin-2019-3-w.pdf&#8221;][vc_column_text] Homm Magazin 2019\/3 [\/vc_column_text][\/vc_column][vc_column width=&#8221;1\/4&#8243;][vc_single_image image=&#8221;4923&#8243; img_size=&#8221;full&#8221; add_caption=&#8221;yes&#8221; onclick=&#8221;custom_link&#8221; img_link_target=&#8221;_blank&#8221; css_animation=&#8221;zoomIn&#8221;...","og_url":"https:\/\/homm.hu\/en\/press-room\/","og_site_name":"Homm.hu","article_modified_time":"2020-11-21T11:50:07+00:00","og_image":[{"width":400,"height":400,"url":"https:\/\/homm.hu\/www\/wp-content\/uploads\/2019\/11\/homm-ujsagok.jpg","type":"image\/jpeg"}],"twitter_card":"summary_large_image","twitter_misc":{"Est. reading time":"5 minutes"},"schema":{"@context":"https:\/\/schema.org","@graph":[{"@type":"WebSite","@id":"https:\/\/homm.hu\/#website","url":"https:\/\/homm.hu\/","name":"Homm.hu","description":"Szem\u00e9lysz\u00e1ll\u00edt\u00e1s aut\u00f3busszal","potentialAction":[{"@type":"SearchAction","target":{"@type":"EntryPoint","urlTemplate":"https:\/\/homm.hu\/?s={search_term_string}"},"query-input":"required name=search_term_string"}],"inLanguage":"en-US"},{"@type":"WebPage","@id":"https:\/\/homm.hu\/en\/press-room\/","url":"https:\/\/homm.hu\/en\/press-room\/","name":"Press Room - Homm.hu","isPartOf":{"@id":"https:\/\/homm.hu\/#website"},"datePublished":"2017-05-31T19:07:52+00:00","dateModified":"2020-11-21T11:50:07+00:00","breadcrumb":{"@id":"https:\/\/homm.hu\/en\/press-room\/#breadcrumb"},"inLanguage":"en-US","potentialAction":[{"@type":"ReadAction","target":["https:\/\/homm.hu\/en\/press-room\/"]}]},{"@type":"BreadcrumbList","@id":"https:\/\/homm.hu\/en\/press-room\/#breadcrumb","itemListElement":[{"@type":"ListItem","position":1,"name":"Kezd\u0151lap","item":"https:\/\/homm.hu\/"},{"@type":"ListItem","position":2,"name":"Press Room"}]}]}},"_links":{"self":[{"href":"https:\/\/homm.hu\/en\/wp-json\/wp\/v2\/pages\/5188"}],"collection":[{"href":"https:\/\/homm.hu\/en\/wp-json\/wp\/v2\/pages"}],"about":[{"href":"https:\/\/homm.hu\/en\/wp-json\/wp\/v2\/types\/page"}],"author":[{"embeddable":true,"href":"https:\/\/homm.hu\/en\/wp-json\/wp\/v2\/users\/1"}],"replies":[{"embeddable":true,"href":"https:\/\/homm.hu\/en\/wp-json\/wp\/v2\/comments?post=5188"}],"version-history":[{"count":6,"href":"https:\/\/homm.hu\/en\/wp-json\/wp\/v2\/pages\/5188\/revisions"}],"predecessor-version":[{"id":5243,"href":"https:\/\/homm.hu\/en\/wp-json\/wp\/v2\/pages\/5188\/revisions\/5243"}],"wp:featuredmedia":[{"embeddable":true,"href":"https:\/\/homm.hu\/en\/wp-json\/wp\/v2\/media\/5190"}],"wp:attachment":[{"href":"https:\/\/homm.hu\/en\/wp-json\/wp\/v2\/media?parent=5188"}],"curies":[{"name":"wp","href":"https:\/\/api.w.org\/{rel}","templated":true}]}}