{"id":5209,"date":"2016-08-18T21:36:40","date_gmt":"2016-08-18T19:36:40","guid":{"rendered":"https:\/\/homm.hu\/videok\/"},"modified":"2020-11-21T10:56:18","modified_gmt":"2020-11-21T09:56:18","slug":"videos","status":"publish","type":"page","link":"https:\/\/homm.hu\/en\/videos\/","title":{"rendered":"Videos"},"content":{"rendered":"[vc_row css_animation=&#8221;&#8221; row_type=&#8221;row&#8221; text_align=&#8221;left&#8221;][vc_column][vc_column_text]\n<h2 style=\"text-align: center;\">HOMM Kft. &#8211; YouTube<\/h2>\n<p>&nbsp;<\/p>\n<p style=\"text-align: center;\"><a href=\"https:\/\/www.youtube.com\/channel\/UCCNJf-H-MybQ90eQ8mRSg7g\/?app=desktop\" target=\"_blank\" rel=\"noopener noreferrer\"><img loading=\"lazy\" decoding=\"async\" class=\"alignnone wp-image-5213\" src=\"https:\/\/homm.hu\/www\/wp-content\/uploads\/2019\/11\/youtube1.png\" alt=\"Iratkozz fel a Homm Kft. YouTube csatorn\u00e1j\u00e1ra\" width=\"286\" height=\"64\" srcset=\"https:\/\/homm.hu\/www\/wp-content\/uploads\/2019\/11\/youtube1.png 474w, https:\/\/homm.hu\/www\/wp-content\/uploads\/2019\/11\/youtube1-300x67.png 300w\" sizes=\"(max-width: 286px) 100vw, 286px\" \/><\/a><\/p>\n<p style=\"text-align: center;\"><a href=\"https:\/\/www.youtube.com\/channel\/UCCNJf-H-MybQ90eQ8mRSg7g\/?app=desktop\" target=\"_blank\" rel=\"noopener noreferrer\">Subscribe to Homm Ltd.&#8217;s YouTube channel to receive notifications about the latest videos.<\/a><\/p>\n<p><a href=\"https:\/\/www.youtube.com\/channel\/UCCNJf-H-MybQ90eQ8mRSg7g\/?app=desktop019\/11\/homm-youtube.jpg\" target=\"_blank\" rel=\"noopener noreferrer\"><img loading=\"lazy\" decoding=\"async\" class=\"aligncenter wp-image-5214\" src=\"https:\/\/homm.hu\/www\/wp-content\/uploads\/2019\/11\/homm-youtube.jpg\" alt=\"Iratkozz fel a Homm Kft. YouTube csatorn\u00e1j\u00e1ra\" width=\"850\" height=\"391\" srcset=\"https:\/\/homm.hu\/www\/wp-content\/uploads\/2019\/11\/homm-youtube.jpg 1572w, https:\/\/homm.hu\/www\/wp-content\/uploads\/2019\/11\/homm-youtube-300x138.jpg 300w, https:\/\/homm.hu\/www\/wp-content\/uploads\/2019\/11\/homm-youtube-1024x472.jpg 1024w, https:\/\/homm.hu\/www\/wp-content\/uploads\/2019\/11\/homm-youtube-1536x707.jpg 1536w\" sizes=\"(max-width: 850px) 100vw, 850px\" \/><\/a>[\/vc_column_text][vc_empty_space][vc_separator type=&#8221;normal&#8221;][vc_empty_space][vc_column_text]\n<h2 style=\"text-align: center;\">OLIMPIA 2016 &#8211; MOB &#8211; HOMM KFT.<\/h2>\n[\/vc_column_text][vc_empty_space][vc_video link=&#8221;https:\/\/youtu.be\/B95TmcQF5TU&#8221;][\/vc_column][\/vc_row][vc_row css_animation=&#8221;&#8221; row_type=&#8221;row&#8221; text_align=&#8221;left&#8221;][vc_column][vc_empty_space][\/vc_column][\/vc_row][vc_row css_animation=&#8221;&#8221; row_type=&#8221;row&#8221; text_align=&#8221;left&#8221;][vc_column][vc_empty_space][vc_column_text]\n<h2 style=\"text-align: center;\">Olimpia 2016 &#8211; HOMM Kft.<\/h2>\n[\/vc_column_text][vc_empty_space][vc_video link=&#8221;https:\/\/youtu.be\/B95TmcQF5TU&#8221;][\/vc_column][\/vc_row][vc_row css_animation=&#8221;&#8221; row_type=&#8221;row&#8221; text_align=&#8221;left&#8221;][vc_column][vc_separator type=&#8221;normal&#8221; thickness=&#8221;1&#8243; up=&#8221;10&#8243; down=&#8221;10&#8243;][vc_empty_space height=&#8221;50px&#8221;][vc_column_text]\n<h2 style=\"text-align: center;\">OLIMPIA 2016 &#8211; MOB &#8211; HOMM KFT.<\/h2>\n[\/vc_column_text][vc_empty_space][vc_video link=&#8221;https:\/\/youtu.be\/zS-1FAbKW0w&#8221;][\/vc_column][\/vc_row][vc_row css_animation=&#8221;&#8221; row_type=&#8221;row&#8221; text_align=&#8221;left&#8221;][vc_column][vc_column_text]\n<p><span style=\"border-radius: 2px; text-indent: 20px; width: auto; padding: 0px 4px 0px 0px; text-align: center; font: bold 11px\/20px 'Helvetica Neue',Helvetica,sans-serif; color: #ffffff; background: #bd081c no-repeat scroll 3px 50% \/ 14px 14px; position: absolute; opacity: 1; z-index: 8675309; display: none; cursor: pointer;\">Save<\/span>[\/vc_column_text][vc_empty_space height=&#8221;50px&#8221;][\/vc_column][\/vc_row][vc_row css_animation=&#8221;&#8221; row_type=&#8221;row&#8221; text_align=&#8221;left&#8221;][vc_column width=&#8221;1\/2&#8243;][vc_column_text]\n<h3 style=\"text-align: center;\">Homm Kft.<\/h3>\n<p><a href=\"https:\/\/drive.google.com\/file\/d\/1By3vBRnb265XVNSQLskCizjwIfz_Te5M\/view?usp=sharing\" target=\"_blank\" rel=\"noopener noreferrer\"><img loading=\"lazy\" decoding=\"async\" class=\"alignnone size-full wp-image-5210 aligncenter\" src=\"https:\/\/homm.hu\/www\/wp-content\/uploads\/2016\/08\/homm_video.jpg\" alt=\"homm_video\" width=\"250\" height=\"137\" \/><\/a><\/p>\n<p><span style=\"border-radius: 2px; text-indent: 20px; width: auto; padding: 0px 4px 0px 0px; text-align: center; font: bold 11px\/20px 'Helvetica Neue',Helvetica,sans-serif; color: #ffffff; background: #bd081c no-repeat scroll 3px 50% \/ 14px 14px; position: absolute; opacity: 0.85; z-index: 8675309; display: none; cursor: pointer; top: 76px; left: 20px;\">Save<\/span><\/p>\n<p><span style=\"border-radius: 2px; text-indent: 20px; width: auto; padding: 0px 4px 0px 0px; text-align: center; font: bold 11px\/20px 'Helvetica Neue',Helvetica,sans-serif; color: #ffffff; background: #bd081c no-repeat scroll 3px 50% \/ 14px 14px; position: absolute; opacity: 0.85; z-index: 8675309; display: none; cursor: pointer; top: 76px; left: 20px;\">Save<\/span><\/p>\n<p><span style=\"border-radius: 2px; text-indent: 20px; width: auto; padding: 0px 4px 0px 0px; text-align: center; font: bold 11px\/20px 'Helvetica Neue',Helvetica,sans-serif; color: #ffffff; background: #bd081c no-repeat scroll 3px 50% \/ 14px 14px; position: absolute; opacity: 0.85; z-index: 8675309; display: none; cursor: pointer; top: 76px; left: 20px;\">Save<\/span><\/p>\n<p><span style=\"border-radius: 2px; text-indent: 20px; width: auto; padding: 0px 4px 0px 0px; text-align: center; font: bold 11px\/20px 'Helvetica Neue',Helvetica,sans-serif; color: #ffffff; background: #bd081c no-repeat scroll 3px 50% \/ 14px 14px; position: absolute; opacity: 0.85; z-index: 8675309; display: none; cursor: pointer; top: 76px; left: 174px;\">Save<\/span>[\/vc_column_text][\/vc_column][vc_column width=&#8221;1\/2&#8243;][vc_column_text]\n<h3 style=\"text-align: center;\">Tokaj<\/h3>\n<p><a href=\"http:\/\/homm.hu\/old\/flvplayer_tokaj.swf\" target=\"_blank\" rel=\"noopener noreferrer\"><img loading=\"lazy\" decoding=\"async\" class=\"alignnone size-full wp-image-5212 aligncenter\" src=\"https:\/\/homm.hu\/www\/wp-content\/uploads\/2016\/08\/tokaj_video.jpg\" alt=\"tokaj_video\" width=\"250\" height=\"153\" \/><\/a><\/p>\n<p><span style=\"border-radius: 2px; text-indent: 20px; width: auto; padding: 0px 4px 0px 0px; text-align: center; font: bold 11px\/20px 'Helvetica Neue',Helvetica,sans-serif; color: #ffffff; background: #bd081c no-repeat scroll 3px 50% \/ 14px 14px; position: absolute; opacity: 0.85; z-index: 8675309; display: none; cursor: pointer; top: 76px; left: 20px;\">Save<\/span><\/p>\n<p><span style=\"border-radius: 2px; text-indent: 20px; width: auto; padding: 0px 4px 0px 0px; text-align: center; font: bold 11px\/20px 'Helvetica Neue',Helvetica,sans-serif; color: #ffffff; background: #bd081c no-repeat scroll 3px 50% \/ 14px 14px; position: absolute; opacity: 0.85; z-index: 8675309; display: none; cursor: pointer; top: 76px; left: 20px;\">Save<\/span><\/p>\n<p><span style=\"border-radius: 2px; text-indent: 20px; width: auto; padding: 0px 4px 0px 0px; text-align: center; font: bold 11px\/20px 'Helvetica Neue',Helvetica,sans-serif; color: #ffffff; background: #bd081c no-repeat scroll 3px 50% \/ 14px 14px; position: absolute; opacity: 0.85; z-index: 8675309; display: none; cursor: pointer; top: 76px; left: 174px;\">Save<\/span>[\/vc_column_text][\/vc_column][\/vc_row][vc_row css_animation=&#8221;&#8221; row_type=&#8221;row&#8221; text_align=&#8221;left&#8221;][vc_column][vc_empty_space][\/vc_column][\/vc_row]\n","protected":false},"excerpt":{"rendered":"<p>[vc_row css_animation=&#8221;&#8221; row_type=&#8221;row&#8221; text_align=&#8221;left&#8221;][vc_column][vc_column_text] HOMM Kft. &#8211; YouTube &nbsp; Subscribe to Homm Ltd.&#8217;s YouTube channel to receive notifications about the latest videos. [\/vc_column_text][vc_empty_space][vc_separator type=&#8221;normal&#8221;][vc_empty_space][vc_column_text] OLIMPIA 2016 &#8211; MOB &#8211; HOMM KFT. [\/vc_column_text][vc_empty_space][vc_video link=&#8221;https:\/\/youtu.be\/B95TmcQF5TU&#8221;][\/vc_column][\/vc_row][vc_row css_animation=&#8221;&#8221; row_type=&#8221;row&#8221; text_align=&#8221;left&#8221;][vc_column][vc_empty_space][\/vc_column][\/vc_row][vc_row css_animation=&#8221;&#8221; row_type=&#8221;row&#8221; text_align=&#8221;left&#8221;][vc_column][vc_empty_space][vc_column_text] Olimpia 2016 &#8211; HOMM Kft. [\/vc_column_text][vc_empty_space][vc_video link=&#8221;https:\/\/youtu.be\/B95TmcQF5TU&#8221;][\/vc_column][\/vc_row][vc_row css_animation=&#8221;&#8221; row_type=&#8221;row&#8221; text_align=&#8221;left&#8221;][vc_column][vc_separator type=&#8221;normal&#8221; thickness=&#8221;1&#8243; up=&#8221;10&#8243; down=&#8221;10&#8243;][vc_empty_space height=&#8221;50px&#8221;][vc_column_text] OLIMPIA 2016 &#8211; MOB &#8211; HOMM KFT. [\/vc_column_text][vc_empty_space][vc_video link=&#8221;https:\/\/youtu.be\/zS-1FAbKW0w&#8221;][\/vc_column][\/vc_row][vc_row css_animation=&#8221;&#8221; row_type=&#8221;row&#8221; text_align=&#8221;left&#8221;][vc_column][vc_column_text] Save[\/vc_column_text][vc_empty_space height=&#8221;50px&#8221;][\/vc_column][\/vc_row][vc_row css_animation=&#8221;&#8221; row_type=&#8221;row&#8221; text_align=&#8221;left&#8221;][vc_column width=&#8221;1\/2&#8243;][vc_column_text] Homm Kft. Save Save Save Save[\/vc_column_text][\/vc_column][vc_column width=&#8221;1\/2&#8243;][vc_column_text] Tokaj Save Save Save[\/vc_column_text][\/vc_column][\/vc_row][vc_row css_animation=&#8221;&#8221; row_type=&#8221;row&#8221; text_align=&#8221;left&#8221;][vc_column][vc_empty_space][\/vc_column][\/vc_row]<\/p>\n","protected":false},"author":1,"featured_media":0,"parent":0,"menu_order":0,"comment_status":"closed","ping_status":"closed","template":"","meta":{"_et_pb_use_builder":"","_et_pb_old_content":"","_et_gb_content_width":"","footnotes":""},"yoast_head":"<!-- This site is optimized with the Yoast SEO plugin v19.4 - https:\/\/yoast.com\/wordpress\/plugins\/seo\/ -->\n<title>Videos - Homm.hu<\/title>\n<meta name=\"robots\" content=\"index, follow, max-snippet:-1, max-image-preview:large, max-video-preview:-1\" \/>\n<link rel=\"canonical\" href=\"https:\/\/homm.hu\/en\/videos\/\" \/>\n<meta property=\"og:locale\" content=\"en_US\" \/>\n<meta property=\"og:type\" content=\"article\" \/>\n<meta property=\"og:title\" content=\"Videos - Homm.hu\" \/>\n<meta property=\"og:description\" content=\"[vc_row css_animation=&#8221;&#8221; row_type=&#8221;row&#8221; text_align=&#8221;left&#8221;][vc_column][vc_column_text] HOMM Kft. &#8211; YouTube &nbsp; Subscribe to Homm Ltd.&#8217;s YouTube channel to receive notifications about the latest videos. [\/vc_column_text][vc_empty_space][vc_separator type=&#8221;normal&#8221;][vc_empty_space][vc_column_text] OLIMPIA 2016 &#8211; MOB &#8211; HOMM KFT. [\/vc_column_text][vc_empty_space][vc_video link=&#8221;https:\/\/youtu.be\/B95TmcQF5TU&#8221;][\/vc_column][\/vc_row][vc_row css_animation=&#8221;&#8221; row_type=&#8221;row&#8221; text_align=&#8221;left&#8221;][vc_column][vc_empty_space][\/vc_column][\/vc_row][vc_row css_animation=&#8221;&#8221; row_type=&#8221;row&#8221; text_align=&#8221;left&#8221;][vc_column][vc_empty_space][vc_column_text] Olimpia 2016 &#8211; HOMM Kft. [\/vc_column_text][vc_empty_space][vc_video link=&#8221;https:\/\/youtu.be\/B95TmcQF5TU&#8221;][\/vc_column][\/vc_row][vc_row css_animation=&#8221;&#8221; row_type=&#8221;row&#8221; text_align=&#8221;left&#8221;][vc_column][vc_separator type=&#8221;normal&#8221; thickness=&#8221;1&#8243; up=&#8221;10&#8243; down=&#8221;10&#8243;][vc_empty_space height=&#8221;50px&#8221;][vc_column_text] OLIMPIA 2016 &#8211; MOB &#8211; HOMM KFT. [\/vc_column_text][vc_empty_space][vc_video link=&#8221;https:\/\/youtu.be\/zS-1FAbKW0w&#8221;][\/vc_column][\/vc_row][vc_row css_animation=&#8221;&#8221; row_type=&#8221;row&#8221; text_align=&#8221;left&#8221;][vc_column][vc_column_text] Save[\/vc_column_text][vc_empty_space height=&#8221;50px&#8221;][\/vc_column][\/vc_row][vc_row css_animation=&#8221;&#8221; row_type=&#8221;row&#8221; text_align=&#8221;left&#8221;][vc_column width=&#8221;1\/2&#8243;][vc_column_text] Homm Kft. Save Save Save Save[\/vc_column_text][\/vc_column][vc_column width=&#8221;1\/2&#8243;][vc_column_text] Tokaj Save Save Save[\/vc_column_text][\/vc_column][\/vc_row][vc_row css_animation=&#8221;&#8221; row_type=&#8221;row&#8221; text_align=&#8221;left&#8221;][vc_column][vc_empty_space][\/vc_column][\/vc_row]\" \/>\n<meta property=\"og:url\" content=\"https:\/\/homm.hu\/en\/videos\/\" \/>\n<meta property=\"og:site_name\" content=\"Homm.hu\" \/>\n<meta property=\"article:modified_time\" content=\"2020-11-21T09:56:18+00:00\" \/>\n<meta property=\"og:image\" content=\"https:\/\/homm.hu\/www\/wp-content\/uploads\/2019\/11\/youtube1.png\" \/>\n<meta name=\"twitter:card\" content=\"summary_large_image\" \/>\n<meta name=\"twitter:label1\" content=\"Est. reading time\" \/>\n\t<meta name=\"twitter:data1\" content=\"1 minute\" \/>\n<script type=\"application\/ld+json\" class=\"yoast-schema-graph\">{\"@context\":\"https:\/\/schema.org\",\"@graph\":[{\"@type\":\"WebSite\",\"@id\":\"https:\/\/homm.hu\/#website\",\"url\":\"https:\/\/homm.hu\/\",\"name\":\"Homm.hu\",\"description\":\"Szem\u00e9lysz\u00e1ll\u00edt\u00e1s aut\u00f3busszal\",\"potentialAction\":[{\"@type\":\"SearchAction\",\"target\":{\"@type\":\"EntryPoint\",\"urlTemplate\":\"https:\/\/homm.hu\/?s={search_term_string}\"},\"query-input\":\"required name=search_term_string\"}],\"inLanguage\":\"en-US\"},{\"@type\":\"WebPage\",\"@id\":\"https:\/\/homm.hu\/en\/videos\/\",\"url\":\"https:\/\/homm.hu\/en\/videos\/\",\"name\":\"Videos - Homm.hu\",\"isPartOf\":{\"@id\":\"https:\/\/homm.hu\/#website\"},\"datePublished\":\"2016-08-18T19:36:40+00:00\",\"dateModified\":\"2020-11-21T09:56:18+00:00\",\"breadcrumb\":{\"@id\":\"https:\/\/homm.hu\/en\/videos\/#breadcrumb\"},\"inLanguage\":\"en-US\",\"potentialAction\":[{\"@type\":\"ReadAction\",\"target\":[\"https:\/\/homm.hu\/en\/videos\/\"]}]},{\"@type\":\"BreadcrumbList\",\"@id\":\"https:\/\/homm.hu\/en\/videos\/#breadcrumb\",\"itemListElement\":[{\"@type\":\"ListItem\",\"position\":1,\"name\":\"Kezd\u0151lap\",\"item\":\"https:\/\/homm.hu\/\"},{\"@type\":\"ListItem\",\"position\":2,\"name\":\"Videos\"}]}]}<\/script>\n<!-- \/ Yoast SEO plugin. -->","yoast_head_json":{"title":"Videos - Homm.hu","robots":{"index":"index","follow":"follow","max-snippet":"max-snippet:-1","max-image-preview":"max-image-preview:large","max-video-preview":"max-video-preview:-1"},"canonical":"https:\/\/homm.hu\/en\/videos\/","og_locale":"en_US","og_type":"article","og_title":"Videos - Homm.hu","og_description":"[vc_row css_animation=&#8221;&#8221; row_type=&#8221;row&#8221; text_align=&#8221;left&#8221;][vc_column][vc_column_text] HOMM Kft. &#8211; YouTube &nbsp; Subscribe to Homm Ltd.&#8217;s YouTube channel to receive notifications about the latest videos. [\/vc_column_text][vc_empty_space][vc_separator type=&#8221;normal&#8221;][vc_empty_space][vc_column_text] OLIMPIA 2016 &#8211; MOB &#8211; HOMM KFT. [\/vc_column_text][vc_empty_space][vc_video link=&#8221;https:\/\/youtu.be\/B95TmcQF5TU&#8221;][\/vc_column][\/vc_row][vc_row css_animation=&#8221;&#8221; row_type=&#8221;row&#8221; text_align=&#8221;left&#8221;][vc_column][vc_empty_space][\/vc_column][\/vc_row][vc_row css_animation=&#8221;&#8221; row_type=&#8221;row&#8221; text_align=&#8221;left&#8221;][vc_column][vc_empty_space][vc_column_text] Olimpia 2016 &#8211; HOMM Kft. [\/vc_column_text][vc_empty_space][vc_video link=&#8221;https:\/\/youtu.be\/B95TmcQF5TU&#8221;][\/vc_column][\/vc_row][vc_row css_animation=&#8221;&#8221; row_type=&#8221;row&#8221; text_align=&#8221;left&#8221;][vc_column][vc_separator type=&#8221;normal&#8221; thickness=&#8221;1&#8243; up=&#8221;10&#8243; down=&#8221;10&#8243;][vc_empty_space height=&#8221;50px&#8221;][vc_column_text] OLIMPIA 2016 &#8211; MOB &#8211; HOMM KFT. [\/vc_column_text][vc_empty_space][vc_video link=&#8221;https:\/\/youtu.be\/zS-1FAbKW0w&#8221;][\/vc_column][\/vc_row][vc_row css_animation=&#8221;&#8221; row_type=&#8221;row&#8221; text_align=&#8221;left&#8221;][vc_column][vc_column_text] Save[\/vc_column_text][vc_empty_space height=&#8221;50px&#8221;][\/vc_column][\/vc_row][vc_row css_animation=&#8221;&#8221; row_type=&#8221;row&#8221; text_align=&#8221;left&#8221;][vc_column width=&#8221;1\/2&#8243;][vc_column_text] Homm Kft. Save Save Save Save[\/vc_column_text][\/vc_column][vc_column width=&#8221;1\/2&#8243;][vc_column_text] Tokaj Save Save Save[\/vc_column_text][\/vc_column][\/vc_row][vc_row css_animation=&#8221;&#8221; row_type=&#8221;row&#8221; text_align=&#8221;left&#8221;][vc_column][vc_empty_space][\/vc_column][\/vc_row]","og_url":"https:\/\/homm.hu\/en\/videos\/","og_site_name":"Homm.hu","article_modified_time":"2020-11-21T09:56:18+00:00","og_image":[{"url":"https:\/\/homm.hu\/www\/wp-content\/uploads\/2019\/11\/youtube1.png"}],"twitter_card":"summary_large_image","twitter_misc":{"Est. reading time":"1 minute"},"schema":{"@context":"https:\/\/schema.org","@graph":[{"@type":"WebSite","@id":"https:\/\/homm.hu\/#website","url":"https:\/\/homm.hu\/","name":"Homm.hu","description":"Szem\u00e9lysz\u00e1ll\u00edt\u00e1s aut\u00f3busszal","potentialAction":[{"@type":"SearchAction","target":{"@type":"EntryPoint","urlTemplate":"https:\/\/homm.hu\/?s={search_term_string}"},"query-input":"required name=search_term_string"}],"inLanguage":"en-US"},{"@type":"WebPage","@id":"https:\/\/homm.hu\/en\/videos\/","url":"https:\/\/homm.hu\/en\/videos\/","name":"Videos - Homm.hu","isPartOf":{"@id":"https:\/\/homm.hu\/#website"},"datePublished":"2016-08-18T19:36:40+00:00","dateModified":"2020-11-21T09:56:18+00:00","breadcrumb":{"@id":"https:\/\/homm.hu\/en\/videos\/#breadcrumb"},"inLanguage":"en-US","potentialAction":[{"@type":"ReadAction","target":["https:\/\/homm.hu\/en\/videos\/"]}]},{"@type":"BreadcrumbList","@id":"https:\/\/homm.hu\/en\/videos\/#breadcrumb","itemListElement":[{"@type":"ListItem","position":1,"name":"Kezd\u0151lap","item":"https:\/\/homm.hu\/"},{"@type":"ListItem","position":2,"name":"Videos"}]}]}},"_links":{"self":[{"href":"https:\/\/homm.hu\/en\/wp-json\/wp\/v2\/pages\/5209"}],"collection":[{"href":"https:\/\/homm.hu\/en\/wp-json\/wp\/v2\/pages"}],"about":[{"href":"https:\/\/homm.hu\/en\/wp-json\/wp\/v2\/types\/page"}],"author":[{"embeddable":true,"href":"https:\/\/homm.hu\/en\/wp-json\/wp\/v2\/users\/1"}],"replies":[{"embeddable":true,"href":"https:\/\/homm.hu\/en\/wp-json\/wp\/v2\/comments?post=5209"}],"version-history":[{"count":3,"href":"https:\/\/homm.hu\/en\/wp-json\/wp\/v2\/pages\/5209\/revisions"}],"predecessor-version":[{"id":5216,"href":"https:\/\/homm.hu\/en\/wp-json\/wp\/v2\/pages\/5209\/revisions\/5216"}],"wp:attachment":[{"href":"https:\/\/homm.hu\/en\/wp-json\/wp\/v2\/media?parent=5209"}],"curies":[{"name":"wp","href":"https:\/\/api.w.org\/{rel}","templated":true}]}}