{"id":5375,"date":"2021-10-13T13:18:11","date_gmt":"2021-10-13T11:18:11","guid":{"rendered":"https:\/\/homm.hu\/homm-video\/"},"modified":"2021-10-15T10:22:03","modified_gmt":"2021-10-15T08:22:03","slug":"homm-video","status":"publish","type":"page","link":"https:\/\/homm.hu\/en\/homm-video\/","title":{"rendered":"Homm video"},"content":{"rendered":"[vc_row css_animation=&#8221;&#8221; row_type=&#8221;row&#8221; text_align=&#8221;left&#8221;][vc_column][vc_column_text]\n<h1 style=\"text-align: center;\">Homm \u2013 30 Years In The Service Of National Transport<\/h1>\n[\/vc_column_text][vc_empty_space height=&#8221;30px&#8221;][\/vc_column][\/vc_row][vc_row css_animation=&#8221;&#8221; row_type=&#8221;row&#8221; text_align=&#8221;left&#8221;][vc_column][vc_column_text]<div class=\"epyt-video-wrapper\"><iframe loading=\"lazy\"  id=\"_ytid_20715\"  width=\"1060\" height=\"596\"  data-origwidth=\"1060\" data-origheight=\"596\"  data-relstop=\"1\" src=\"https:\/\/www.youtube.com\/embed\/uUhv4iD_xrU?enablejsapi=1&autoplay=0&cc_load_policy=0&cc_lang_pref=&iv_load_policy=1&loop=0&modestbranding=0&rel=0&fs=1&playsinline=0&autohide=2&theme=dark&color=red&controls=1&\" class=\"__youtube_prefs__  no-lazyload\" title=\"YouTube player\"  allow=\"fullscreen; accelerometer; autoplay; clipboard-write; encrypted-media; gyroscope; picture-in-picture\" allowfullscreen data-no-lazy=\"1\" data-skipgform_ajax_framebjll=\"\"><\/iframe><\/div>\n[\/vc_column_text][\/vc_column][\/vc_row][vc_row css_animation=&#8221;&#8221; row_type=&#8221;row&#8221; text_align=&#8221;left&#8221;][vc_column][vc_empty_space height=&#8221;50px&#8221;][\/vc_column][\/vc_row]\n","protected":false},"excerpt":{"rendered":"<p>[vc_row css_animation=&#8221;&#8221; row_type=&#8221;row&#8221; text_align=&#8221;left&#8221;][vc_column][vc_column_text] Homm \u2013 30 Years In The Service Of National Transport [\/vc_column_text][vc_empty_space height=&#8221;30px&#8221;][\/vc_column][\/vc_row][vc_row css_animation=&#8221;&#8221; row_type=&#8221;row&#8221; text_align=&#8221;left&#8221;][vc_column][vc_column_text] [\/vc_column_text][\/vc_column][\/vc_row][vc_row css_animation=&#8221;&#8221; row_type=&#8221;row&#8221; text_align=&#8221;left&#8221;][vc_column][vc_empty_space height=&#8221;50px&#8221;][\/vc_column][\/vc_row]<\/p>\n","protected":false},"author":1,"featured_media":0,"parent":0,"menu_order":0,"comment_status":"closed","ping_status":"closed","template":"","meta":{"_et_pb_use_builder":"","_et_pb_old_content":"","_et_gb_content_width":"","footnotes":""},"yoast_head":"<!-- This site is optimized with the Yoast SEO plugin v19.4 - https:\/\/yoast.com\/wordpress\/plugins\/seo\/ -->\n<title>Homm video - Homm.hu<\/title>\n<meta name=\"robots\" content=\"index, follow, max-snippet:-1, max-image-preview:large, max-video-preview:-1\" \/>\n<link rel=\"canonical\" href=\"https:\/\/homm.hu\/en\/homm-video\/\" \/>\n<meta property=\"og:locale\" content=\"en_US\" \/>\n<meta property=\"og:type\" content=\"article\" \/>\n<meta property=\"og:title\" content=\"Homm video - Homm.hu\" \/>\n<meta property=\"og:description\" content=\"[vc_row css_animation=&#8221;&#8221; row_type=&#8221;row&#8221; text_align=&#8221;left&#8221;][vc_column][vc_column_text] Homm \u2013 30 Years In The Service Of National Transport [\/vc_column_text][vc_empty_space height=&#8221;30px&#8221;][\/vc_column][\/vc_row][vc_row css_animation=&#8221;&#8221; row_type=&#8221;row&#8221; text_align=&#8221;left&#8221;][vc_column][vc_column_text] [\/vc_column_text][\/vc_column][\/vc_row][vc_row css_animation=&#8221;&#8221; row_type=&#8221;row&#8221; text_align=&#8221;left&#8221;][vc_column][vc_empty_space height=&#8221;50px&#8221;][\/vc_column][\/vc_row]\" \/>\n<meta property=\"og:url\" content=\"https:\/\/homm.hu\/en\/homm-video\/\" \/>\n<meta property=\"og:site_name\" content=\"Homm.hu\" \/>\n<meta property=\"article:modified_time\" content=\"2021-10-15T08:22:03+00:00\" \/>\n<meta name=\"twitter:card\" content=\"summary_large_image\" \/>\n<script type=\"application\/ld+json\" class=\"yoast-schema-graph\">{\"@context\":\"https:\/\/schema.org\",\"@graph\":[{\"@type\":\"WebSite\",\"@id\":\"https:\/\/homm.hu\/#website\",\"url\":\"https:\/\/homm.hu\/\",\"name\":\"Homm.hu\",\"description\":\"Szem\u00e9lysz\u00e1ll\u00edt\u00e1s aut\u00f3busszal\",\"potentialAction\":[{\"@type\":\"SearchAction\",\"target\":{\"@type\":\"EntryPoint\",\"urlTemplate\":\"https:\/\/homm.hu\/?s={search_term_string}\"},\"query-input\":\"required name=search_term_string\"}],\"inLanguage\":\"en-US\"},{\"@type\":\"WebPage\",\"@id\":\"https:\/\/homm.hu\/en\/homm-video\/\",\"url\":\"https:\/\/homm.hu\/en\/homm-video\/\",\"name\":\"Homm video - Homm.hu\",\"isPartOf\":{\"@id\":\"https:\/\/homm.hu\/#website\"},\"datePublished\":\"2021-10-13T11:18:11+00:00\",\"dateModified\":\"2021-10-15T08:22:03+00:00\",\"breadcrumb\":{\"@id\":\"https:\/\/homm.hu\/en\/homm-video\/#breadcrumb\"},\"inLanguage\":\"en-US\",\"potentialAction\":[{\"@type\":\"ReadAction\",\"target\":[\"https:\/\/homm.hu\/en\/homm-video\/\"]}]},{\"@type\":\"BreadcrumbList\",\"@id\":\"https:\/\/homm.hu\/en\/homm-video\/#breadcrumb\",\"itemListElement\":[{\"@type\":\"ListItem\",\"position\":1,\"name\":\"Kezd\u0151lap\",\"item\":\"https:\/\/homm.hu\/\"},{\"@type\":\"ListItem\",\"position\":2,\"name\":\"Homm video\"}]}]}<\/script>\n<!-- \/ Yoast SEO plugin. -->","yoast_head_json":{"title":"Homm video - Homm.hu","robots":{"index":"index","follow":"follow","max-snippet":"max-snippet:-1","max-image-preview":"max-image-preview:large","max-video-preview":"max-video-preview:-1"},"canonical":"https:\/\/homm.hu\/en\/homm-video\/","og_locale":"en_US","og_type":"article","og_title":"Homm video - Homm.hu","og_description":"[vc_row css_animation=&#8221;&#8221; row_type=&#8221;row&#8221; text_align=&#8221;left&#8221;][vc_column][vc_column_text] Homm \u2013 30 Years In The Service Of National Transport [\/vc_column_text][vc_empty_space height=&#8221;30px&#8221;][\/vc_column][\/vc_row][vc_row css_animation=&#8221;&#8221; row_type=&#8221;row&#8221; text_align=&#8221;left&#8221;][vc_column][vc_column_text] [\/vc_column_text][\/vc_column][\/vc_row][vc_row css_animation=&#8221;&#8221; row_type=&#8221;row&#8221; text_align=&#8221;left&#8221;][vc_column][vc_empty_space height=&#8221;50px&#8221;][\/vc_column][\/vc_row]","og_url":"https:\/\/homm.hu\/en\/homm-video\/","og_site_name":"Homm.hu","article_modified_time":"2021-10-15T08:22:03+00:00","twitter_card":"summary_large_image","schema":{"@context":"https:\/\/schema.org","@graph":[{"@type":"WebSite","@id":"https:\/\/homm.hu\/#website","url":"https:\/\/homm.hu\/","name":"Homm.hu","description":"Szem\u00e9lysz\u00e1ll\u00edt\u00e1s aut\u00f3busszal","potentialAction":[{"@type":"SearchAction","target":{"@type":"EntryPoint","urlTemplate":"https:\/\/homm.hu\/?s={search_term_string}"},"query-input":"required name=search_term_string"}],"inLanguage":"en-US"},{"@type":"WebPage","@id":"https:\/\/homm.hu\/en\/homm-video\/","url":"https:\/\/homm.hu\/en\/homm-video\/","name":"Homm video - Homm.hu","isPartOf":{"@id":"https:\/\/homm.hu\/#website"},"datePublished":"2021-10-13T11:18:11+00:00","dateModified":"2021-10-15T08:22:03+00:00","breadcrumb":{"@id":"https:\/\/homm.hu\/en\/homm-video\/#breadcrumb"},"inLanguage":"en-US","potentialAction":[{"@type":"ReadAction","target":["https:\/\/homm.hu\/en\/homm-video\/"]}]},{"@type":"BreadcrumbList","@id":"https:\/\/homm.hu\/en\/homm-video\/#breadcrumb","itemListElement":[{"@type":"ListItem","position":1,"name":"Kezd\u0151lap","item":"https:\/\/homm.hu\/"},{"@type":"ListItem","position":2,"name":"Homm video"}]}]}},"_links":{"self":[{"href":"https:\/\/homm.hu\/en\/wp-json\/wp\/v2\/pages\/5375"}],"collection":[{"href":"https:\/\/homm.hu\/en\/wp-json\/wp\/v2\/pages"}],"about":[{"href":"https:\/\/homm.hu\/en\/wp-json\/wp\/v2\/types\/page"}],"author":[{"embeddable":true,"href":"https:\/\/homm.hu\/en\/wp-json\/wp\/v2\/users\/1"}],"replies":[{"embeddable":true,"href":"https:\/\/homm.hu\/en\/wp-json\/wp\/v2\/comments?post=5375"}],"version-history":[{"count":6,"href":"https:\/\/homm.hu\/en\/wp-json\/wp\/v2\/pages\/5375\/revisions"}],"predecessor-version":[{"id":5382,"href":"https:\/\/homm.hu\/en\/wp-json\/wp\/v2\/pages\/5375\/revisions\/5382"}],"wp:attachment":[{"href":"https:\/\/homm.hu\/en\/wp-json\/wp\/v2\/media?parent=5375"}],"curies":[{"name":"wp","href":"https:\/\/api.w.org\/{rel}","templated":true}]}}